{"id":8,"date":"2011-06-08T15:38:39","date_gmt":"2011-06-08T15:38:39","guid":{"rendered":"http:\/\/127.0.0.1:8888\/?page_id=8"},"modified":"2018-02-01T08:36:22","modified_gmt":"2018-02-01T08:36:22","slug":"o-zbore","status":"publish","type":"page","link":"https:\/\/ecavpp.sk\/data\/o-zbore\/","title":{"rendered":"O zbore"},"content":{"rendered":"<p>Poprad \u2013 cirkevn\u00fd zbor v&nbsp;Tatranskom senior\u00e1te. Vznikol v&nbsp;polovici 16. storo\u010dia (o.1545), do konca 17. storo\u010dia patril do Hornopopradsk\u00e9ho senior\u00e1tu. V&nbsp;\u010dase prenasledovania prechodne zanikol, obnovil sa r. 1783 po vyhl\u00e1sen\u00ed Toleran\u010dn\u00e9ho patentu. Do r. 1938 patril do Spi\u0161sk\u00e9ho mestsk\u00e9ho senior\u00e1tu, potom do r. 1945 do zv\u00e4zku Nemeckej ev. cirkvi, od r. 1945 do 1952 v&nbsp;Spi\u0161skom senior\u00e1te. Kostol z&nbsp;dreva bol nahraden\u00fd teraj\u0161\u00edm kostolom, ktor\u00fd bol postaven\u00fd v&nbsp;r. 1834.<\/p>\n<p>Spi\u0161sk\u00e1 Sobota a&nbsp;Str\u00e1\u017ee pod Tatrami boli do r. 1945 samostatn\u00e9 zbory s&nbsp;rovnak\u00fdm zadelen\u00edm do senior\u00e1tov ako Poprad, od r. 1946 s\u00fa dc\u00e9rocirkvami Popradu. V&nbsp;oboch dc\u00e9rocirkv\u00e1ch s\u00fa kostoly z&nbsp;r. 1784.<\/p>\n<p>Moment\u00e1lne sa riadi cirkevn\u00fd zbor <a href=\"http:\/\/ecavpp.sk\/data\/wp-content\/uploads\/Statut-2015.pdf\">t\u00fdmto \u0161tat\u00fatom<\/a>.<\/p>\n","protected":false},"excerpt":{"rendered":"<p>Poprad \u2013 cirkevn\u00fd zbor v&nbsp;Tatranskom senior\u00e1te. Vznikol v&nbsp;polovici 16. storo\u010dia (o.1545), do konca 17. storo\u010dia patril do Hornopopradsk\u00e9ho senior\u00e1tu. V&nbsp;\u010dase prenasledovania prechodne zanikol, obnovil sa [&#8230;]<\/p>\n","protected":false},"author":3,"featured_media":0,"parent":0,"menu_order":0,"comment_status":"closed","ping_status":"closed","template":"","meta":{"ngg_post_thumbnail":0,"footnotes":""},"class_list":["post-8","page","type-page","status-publish","hentry"],"_links":{"self":[{"href":"https:\/\/ecavpp.sk\/data\/wp-json\/wp\/v2\/pages\/8","targetHints":{"allow":["GET"]}}],"collection":[{"href":"https:\/\/ecavpp.sk\/data\/wp-json\/wp\/v2\/pages"}],"about":[{"href":"https:\/\/ecavpp.sk\/data\/wp-json\/wp\/v2\/types\/page"}],"author":[{"embeddable":true,"href":"https:\/\/ecavpp.sk\/data\/wp-json\/wp\/v2\/users\/3"}],"replies":[{"embeddable":true,"href":"https:\/\/ecavpp.sk\/data\/wp-json\/wp\/v2\/comments?post=8"}],"version-history":[{"count":7,"href":"https:\/\/ecavpp.sk\/data\/wp-json\/wp\/v2\/pages\/8\/revisions"}],"predecessor-version":[{"id":5124,"href":"https:\/\/ecavpp.sk\/data\/wp-json\/wp\/v2\/pages\/8\/revisions\/5124"}],"wp:attachment":[{"href":"https:\/\/ecavpp.sk\/data\/wp-json\/wp\/v2\/media?parent=8"}],"curies":[{"name":"wp","href":"https:\/\/api.w.org\/{rel}","templated":true}]}}