{"id":7983,"date":"2019-03-25T07:47:18","date_gmt":"2019-03-25T07:47:18","guid":{"rendered":"https:\/\/ecavpp.sk\/data\/?page_id=7983"},"modified":"2019-03-25T08:48:28","modified_gmt":"2019-03-25T08:48:28","slug":"dokumety","status":"publish","type":"page","link":"https:\/\/ecavpp.sk\/data\/dokumety\/","title":{"rendered":"Dokumety"},"content":{"rendered":"\n<p>\u0160tat\u00fat<\/p>\n\n\n\n<ul class=\"wp-block-list\"><li><a href=\"https:\/\/ecavpp.sk\/data\/wp-content\/uploads\/Statut-2015.pdf\">platn\u00fd od roku 2015<\/a><\/li><\/ul>\n\n\n\n<p>Prihl\u00e1\u0161ky<\/p>\n\n\n\n<ul class=\"wp-block-list\"><li><a href=\"https:\/\/ecavpp.sk\/data\/wp-content\/uploads\/prihlaska-na-konfirmaciu.pdf\">na konfirma\u010dn\u00fa v\u00fdu\u010dbu<\/a><\/li><\/ul>\n\n\n\n<p>Sviatosti<\/p>\n\n\n\n<ul class=\"wp-block-list\"><li><a href=\"https:\/\/ecavpp.sk\/data\/wp-content\/uploads\/Tlacivo-Krst-Svaty-02.pdf\">tla\u010divo k sviatosti Krstu Sv\u00e4t\u00e9ho<\/a><\/li><\/ul>\n\n\n\n<p>Po\u017eehnania<\/p>\n\n\n\n<ul class=\"wp-block-list\"><li><a href=\"https:\/\/ecavpp.sk\/data\/wp-content\/uploads\/tlacivo-k-sobasu-01.pdf\">tla\u010divo k evanjelick\u00e9mu sob\u00e1\u0161u<\/a><\/li><\/ul>\n\n\n\n<p><\/p>\n","protected":false},"excerpt":{"rendered":"<p>\u0160tat\u00fat platn\u00fd od roku 2015 Prihl\u00e1\u0161ky na konfirma\u010dn\u00fa v\u00fdu\u010dbu Sviatosti tla\u010divo k sviatosti Krstu Sv\u00e4t\u00e9ho Po\u017eehnania tla\u010divo k evanjelick\u00e9mu sob\u00e1\u0161u<\/p>\n","protected":false},"author":3,"featured_media":0,"parent":0,"menu_order":0,"comment_status":"closed","ping_status":"closed","template":"","meta":{"ngg_post_thumbnail":0,"footnotes":""},"class_list":["post-7983","page","type-page","status-publish","hentry"],"_links":{"self":[{"href":"https:\/\/ecavpp.sk\/data\/wp-json\/wp\/v2\/pages\/7983","targetHints":{"allow":["GET"]}}],"collection":[{"href":"https:\/\/ecavpp.sk\/data\/wp-json\/wp\/v2\/pages"}],"about":[{"href":"https:\/\/ecavpp.sk\/data\/wp-json\/wp\/v2\/types\/page"}],"author":[{"embeddable":true,"href":"https:\/\/ecavpp.sk\/data\/wp-json\/wp\/v2\/users\/3"}],"replies":[{"embeddable":true,"href":"https:\/\/ecavpp.sk\/data\/wp-json\/wp\/v2\/comments?post=7983"}],"version-history":[{"count":8,"href":"https:\/\/ecavpp.sk\/data\/wp-json\/wp\/v2\/pages\/7983\/revisions"}],"predecessor-version":[{"id":7998,"href":"https:\/\/ecavpp.sk\/data\/wp-json\/wp\/v2\/pages\/7983\/revisions\/7998"}],"wp:attachment":[{"href":"https:\/\/ecavpp.sk\/data\/wp-json\/wp\/v2\/media?parent=7983"}],"curies":[{"name":"wp","href":"https:\/\/api.w.org\/{rel}","templated":true}]}}