{"id":635,"date":"2013-03-12T17:02:34","date_gmt":"2013-03-12T17:02:34","guid":{"rendered":"http:\/\/ecavpp.sk\/?page_id=635"},"modified":"2023-04-10T15:56:17","modified_gmt":"2023-04-10T14:56:17","slug":"video-nahravky","status":"publish","type":"page","link":"https:\/\/ecavpp.sk\/data\/sluzby-bozie\/video-nahravky\/","title":{"rendered":"Video nahr\u00e1vky (youtube)"},"content":{"rendered":"<h1>&#8211;&nbsp;zo Slu\u017eieb Bo\u017e\u00edch a in\u00fdch udalost\u00ed v zbore<\/h1>\n<p>Viacer\u00e9 nahr\u00e1vky s\u00fa publikovan\u00e9 na na\u0161om youtube kan\u00e1le.<br \/>\n<a href=\"https:\/\/www.youtube.com\/channel\/UCQakqYyhhdTmfFAvCSXQyQg\" target=\"_blank\" rel=\"noopener noreferrer\"> ecav poprad <\/a><\/p>\n<h3>Star\u0161ie nahr\u00e1vky:<\/h3>\n<p><strong>Vyst\u00fapenie spevokolu s doprovodom<br \/>\n<\/strong>nede\u013ea 19.2.2017<\/p>\n<p><iframe loading=\"lazy\" src=\"http:\/\/www.youtube.com\/embed\/Chga485vIZ8\" width=\"480\" height=\"300\" frameborder=\"0\" allowfullscreen=\"allowfullscreen\"><\/iframe><\/p>\n<p><strong>Vyst\u00fapenie spevokolu a s\u00f3listov<br \/>\n<\/strong>Konfirm\u00e1cia 2013<\/p>\n<p><iframe loading=\"lazy\" src=\"http:\/\/www.youtube.com\/embed\/kjy7rBeCMRY\" width=\"480\" height=\"300\" frameborder=\"0\" allowfullscreen=\"allowfullscreen\"><\/iframe><\/p>\n<p><strong>Vyst\u00fapenie det\u00ed a spevokolu<br \/>\n<\/strong>\u0160tedr\u00fd ve\u010der 2012<\/p>\n<p><iframe loading=\"lazy\" src=\"http:\/\/www.youtube.com\/embed\/I5wMQ8izD_E\" width=\"480\" height=\"300\" frameborder=\"0\" allowfullscreen=\"allowfullscreen\"><\/iframe><\/p>\n<p><iframe loading=\"lazy\" src=\"http:\/\/www.youtube.com\/embed\/hSaDgDXc_kQ\" width=\"480\" height=\"300\" frameborder=\"0\" allowfullscreen=\"allowfullscreen\"><\/iframe><\/p>\n<p><iframe loading=\"lazy\" src=\"http:\/\/www.youtube.com\/embed\/UvxmWyQfTSs\" width=\"480\" height=\"300\" frameborder=\"0\" allowfullscreen=\"allowfullscreen\"><\/iframe><\/p>\n<span class=\"collapseomatic \" id=\"id69ecc74d02a55\"  tabindex=\"0\" title=\"&lt;strong&gt;Arch\u00edv nahr\u00e1vok&lt;\/strong&gt;\"    ><strong>Arch\u00edv nahr\u00e1vok<\/strong><\/span><div id=\"target-id69ecc74d02a55\" class=\"collapseomatic_content \">\n<p><strong>Spevokol &#8211; Haleluja<\/strong><\/p>\n<p><iframe loading=\"lazy\" src=\"http:\/\/www.youtube.com\/embed\/mMvCdvKpURE\" width=\"480\" height=\"300\" frameborder=\"0\" allowfullscreen=\"allowfullscreen\"><\/iframe><\/p>\n<\/div>\n","protected":false},"excerpt":{"rendered":"<p>&#8211;&nbsp;zo Slu\u017eieb Bo\u017e\u00edch a in\u00fdch udalost\u00ed v zbore Viacer\u00e9 nahr\u00e1vky s\u00fa publikovan\u00e9 na na\u0161om youtube kan\u00e1le. ecav poprad Star\u0161ie nahr\u00e1vky: Vyst\u00fapenie spevokolu s doprovodom nede\u013ea [&#8230;]<\/p>\n","protected":false},"author":3,"featured_media":0,"parent":34,"menu_order":0,"comment_status":"open","ping_status":"closed","template":"","meta":{"ngg_post_thumbnail":0,"footnotes":""},"class_list":["post-635","page","type-page","status-publish","hentry"],"_links":{"self":[{"href":"https:\/\/ecavpp.sk\/data\/wp-json\/wp\/v2\/pages\/635","targetHints":{"allow":["GET"]}}],"collection":[{"href":"https:\/\/ecavpp.sk\/data\/wp-json\/wp\/v2\/pages"}],"about":[{"href":"https:\/\/ecavpp.sk\/data\/wp-json\/wp\/v2\/types\/page"}],"author":[{"embeddable":true,"href":"https:\/\/ecavpp.sk\/data\/wp-json\/wp\/v2\/users\/3"}],"replies":[{"embeddable":true,"href":"https:\/\/ecavpp.sk\/data\/wp-json\/wp\/v2\/comments?post=635"}],"version-history":[{"count":44,"href":"https:\/\/ecavpp.sk\/data\/wp-json\/wp\/v2\/pages\/635\/revisions"}],"predecessor-version":[{"id":12285,"href":"https:\/\/ecavpp.sk\/data\/wp-json\/wp\/v2\/pages\/635\/revisions\/12285"}],"up":[{"embeddable":true,"href":"https:\/\/ecavpp.sk\/data\/wp-json\/wp\/v2\/pages\/34"}],"wp:attachment":[{"href":"https:\/\/ecavpp.sk\/data\/wp-json\/wp\/v2\/media?parent=635"}],"curies":[{"name":"wp","href":"https:\/\/api.w.org\/{rel}","templated":true}]}}