{"id":372,"date":"2013-01-16T20:30:41","date_gmt":"2013-01-16T20:30:41","guid":{"rendered":"http:\/\/ecavpp.sk\/?page_id=372"},"modified":"2019-03-25T05:52:40","modified_gmt":"2019-03-25T05:52:40","slug":"diakonia","status":"publish","type":"page","link":"https:\/\/ecavpp.sk\/data\/aktivity\/diakonia\/","title":{"rendered":"Zborov\u00e1 diakonia"},"content":{"rendered":"<p>Zabezpe\u010duje starostlivos\u0165 o svojich \u010dlenov. Sestry pam\u00e4taj\u00fa na chor\u00fdch, star\u0161\u00edch a osamel\u00fdch bratov a sestry, ku ktor\u00fdm prich\u00e1dzaj\u00fa v zast\u00fapen\u00ed ZbD. Ka\u017ed\u00fd rok v jeseni organizuje stretnutia \u017eivotn\u00fdch jubilantov s prisl\u00fa\u017een\u00edm sviatosti Ve\u010dere P\u00e1novej pre nich a pre ostatn\u00fdch star\u0161\u00edch \u010dlenov CZ. L\u00e1ska a ochota pom\u00e1ha\u0165 sa prejavuje u na\u0161ich sestier aj \u010falekej Afrike prostredn\u00edctvom Misie na N\u00edle. Spolupr\u00e1ca v tejto oblasti trv\u00e1 u\u017e 10 rokov. Z vlny a in\u00fdch materi\u00e1lov od mil\u00fdch darcov zhotovuj\u00fa vesty a svetr\u00edky, vlnen\u00e9 a bavlnen\u00e9 deky, ovinadl\u00e1 a r\u00f4zne drobn\u00e9 pleten\u00e9 veci, odosielan\u00e9 s\u00fa aj finan\u010dn\u00e9 milodary.<\/p>\n","protected":false},"excerpt":{"rendered":"<p>Zabezpe\u010duje starostlivos\u0165 o svojich \u010dlenov. Sestry pam\u00e4taj\u00fa na chor\u00fdch, star\u0161\u00edch a osamel\u00fdch bratov a sestry, ku ktor\u00fdm prich\u00e1dzaj\u00fa v zast\u00fapen\u00ed ZbD. Ka\u017ed\u00fd rok v jeseni [&#8230;]<\/p>\n","protected":false},"author":3,"featured_media":0,"parent":10,"menu_order":0,"comment_status":"closed","ping_status":"closed","template":"","meta":{"ngg_post_thumbnail":0,"footnotes":""},"class_list":["post-372","page","type-page","status-publish","hentry"],"_links":{"self":[{"href":"https:\/\/ecavpp.sk\/data\/wp-json\/wp\/v2\/pages\/372","targetHints":{"allow":["GET"]}}],"collection":[{"href":"https:\/\/ecavpp.sk\/data\/wp-json\/wp\/v2\/pages"}],"about":[{"href":"https:\/\/ecavpp.sk\/data\/wp-json\/wp\/v2\/types\/page"}],"author":[{"embeddable":true,"href":"https:\/\/ecavpp.sk\/data\/wp-json\/wp\/v2\/users\/3"}],"replies":[{"embeddable":true,"href":"https:\/\/ecavpp.sk\/data\/wp-json\/wp\/v2\/comments?post=372"}],"version-history":[{"count":6,"href":"https:\/\/ecavpp.sk\/data\/wp-json\/wp\/v2\/pages\/372\/revisions"}],"predecessor-version":[{"id":5115,"href":"https:\/\/ecavpp.sk\/data\/wp-json\/wp\/v2\/pages\/372\/revisions\/5115"}],"up":[{"embeddable":true,"href":"https:\/\/ecavpp.sk\/data\/wp-json\/wp\/v2\/pages\/10"}],"wp:attachment":[{"href":"https:\/\/ecavpp.sk\/data\/wp-json\/wp\/v2\/media?parent=372"}],"curies":[{"name":"wp","href":"https:\/\/api.w.org\/{rel}","templated":true}]}}