{"id":370,"date":"2013-01-16T20:29:40","date_gmt":"2013-01-16T20:29:40","guid":{"rendered":"http:\/\/ecavpp.sk\/?page_id=370"},"modified":"2018-02-01T08:34:34","modified_gmt":"2018-02-01T08:34:34","slug":"zeny","status":"publish","type":"page","link":"https:\/\/ecavpp.sk\/data\/aktivity\/zeny\/","title":{"rendered":"Zborov\u00e9 SE\u017d"},"content":{"rendered":"<p><strong>Spolo\u010denstvo evanjelick\u00fdch \u017eien<\/strong><\/p>\n<p>Pre ka\u017ed\u00fa \u017eenu m\u00e1 P\u00e1n Boh svoje poslanie, miesto ur\u010denia a p\u00f4sobenia. Nenech\u00e1va nikoho bez pomoci, lebo zas\u013e\u00fabil: Vyu\u010d\u00edm \u0165a a uk\u00e1\u017eem ti cestu, po ktorej kr\u00e1\u010da\u0165 m\u00e1\u0161, radi\u0165 ti chcem a moje oko bude bdie\u0165 nad tebou (\u017d 32:8). A P\u00e1n Boh svoje slovo v\u017edy pln\u00ed. Je len na \u017een\u00e1ch, \u010di s\u00fa ochotn\u00e9 prija\u0165 ponuku pomoci a st\u00e1\u0165 v Jeho slu\u017ebe.<\/p>\n<p>Pr\u00e1ve snaha vyu\u017ei\u0165 poslanie \u017eien, sestier cirkevn\u00e9ho zboru, bola podnetom pre vytvorenie Spolo\u010denstva evanjelick\u00fdch \u017eien (SE\u017d) v popradskom cirkevnom zbore. Prv\u00fdkr\u00e1t sa sestry stretli 19. marca 2000. Snahou Spolo\u010denstva bolo \u00fasilie plni\u0165 dve hlavn\u00e9 prik\u00e1zania. V nich s\u00fa zhrnut\u00e9 v\u0161etky Bo\u017eie prik\u00e1zania, v\u0161etko, \u010do sa t\u00fdka dobr\u00fdch skutkov a toho, \u010do Boh od n\u00e1s \u013eud\u00ed vy\u017eaduje.<\/p>\n<p>Prv\u00e9 ve\u013ek\u00e9 prik\u00e1zanie znie: Milova\u0165 bude\u0161 P\u00e1na svojho Boha cel\u00fdm srdcom, celou du\u0161ou a celou mys\u013eou. Takto milova\u0165 svojho Boha vy\u017eaduje \u010do najlep\u0161ie Ho pozna\u0165. A preto bola \u010dinnos\u0165 tohto nov\u00e9ho spolo\u010denstva zameran\u00e1 na vzdel\u00e1vanie \u010dleniek a lep\u0161ie poznanie Bo\u017eieho slova. Najsk\u00f4r to boli \u00favahy o \u017eivote biblick\u00fdch \u017eien Starej i Novej zmluvy. Nesk\u00f4r aj predn\u00e1\u0161ky s r\u00f4znym zameran\u00edm od pozvan\u00fdch osobnost\u00ed cirkevn\u00e9ho \u017eivota. Pr\u00edle\u017eitostne aj obozn\u00e1menie sa a uvedenie do \u017eivota b\u00e1snick\u00fdch, modlitebn\u00fdch kn\u00edh a zbierok k\u00e1zn\u00ed, vydan\u00fdch cirkevn\u00fdm zborom. \u00da\u010das\u0165 \u010dleniek na misijn\u00fdch konferenci\u00e1ch, celocirkevn\u00fdch, di\u0161triktu\u00e1lnych, senior\u00e1tnych aktivit\u00e1ch a in\u00fdch cirkevn\u00fdch akci\u00e1ch prispieva tie\u017e k z\u00edskavaniu nov\u00fdch poznatkov a k povzbudeniu vo viere.<\/p>\n<p>Druh\u00e9 prik\u00e1zanie: Milova\u0165 bude\u0161 bl\u00ed\u017eneho ako seba sam\u00e9ho, povzbudilo \u010dlenky k tomu, aby si viac v\u0161\u00edmali sestry a bratov, ktor\u00fdch m\u00e1me okolo seba. V\u00fdsledkom s\u00fa ka\u017edoro\u010dn\u00e9 stretnutia \u017eien \u2013 matiek pri pr\u00edle\u017eitosti D\u0148a matiek a stretnutia \u017eivotn\u00fdch jubilantov s prisl\u00fa\u017een\u00edm sviatosti Ve\u010dere P\u00e1novej.<\/p>\n<p>Vznik zborovej diakonie bol d\u00f4sledok aktiv\u00edt, ktor\u00e9 sa v zbore za\u010dali praktizova\u0165. Diakonia znamen\u00e1 slovom i skutkom dok\u00e1za\u0165 svoju vieru v praxi. A sestry to chceli. Preto \u010dlenky SE\u017d v r\u00e1mci n\u00e1v\u0161tevnej slu\u017eby zborovej diakonie za\u010dali nav\u0161tevova\u0165 star\u0161\u00edch \u010dlenov cirkevn\u00e9ho zboru pri pr\u00edle\u017eitosti naroden\u00edn; a t\u00fdch, ktor\u00ed u\u017e pre vy\u0161\u0161\u00ed vek \u010di chorobu nem\u00f4\u017eu pr\u00eds\u0165 do spolo\u010denstva v chr\u00e1me, nav\u0161tevuj\u00fa \u010dastej\u0161ie pod\u013ea potreby a mo\u017enost\u00ed. T\u00fato slu\u017ebu l\u00e1sky v jednotliv\u00fdch mestsk\u00fdch \u010dastiach cirkevn\u00e9ho zboru kon\u00e1 15 sestier, ktor\u00fdm za to patr\u00ed v\u010faka.<\/p>\n<p>V soci\u00e1lnych zariadeniach pre seniorov s\u00fa ob\u013e\u00faben\u00e9 pravideln\u00e9 biblick\u00e9 hodiny, ktor\u00e9 vedie brat zborov\u00fd far\u00e1r a prisluhuje aj sviatos\u0165 Ve\u010dere P\u00e1novej.<\/p>\n<p>Okrem spomenut\u00fdch slu\u017eieb, sestry pam\u00e4taj\u00fa aj na bl\u00ed\u017enych v Afrike, a to prostredn\u00edctvom Misie na N\u00edle, nez\u00e1vislej misijnej organiz\u00e1cie so s\u00eddlom vo \u0160vaj\u010diarsku. T\u00e1to sprostredkuje soci\u00e1lnu, medic\u00ednsku, vzdel\u00e1vaciu, v\u00fdchovn\u00fa a duchovn\u00fa pomoc. Jej cie\u013eom je, popri t\u00fdchto aktivit\u00e1ch, prin\u00e1\u0161a\u0165 evanjelium a priv\u00e1dza\u0165 \u013eud\u00ed k poznaniu Je\u017ei\u0161a Krista a k viere v Trojjedin\u00e9ho P\u00e1na Boha. Misia vykon\u00e1va \u010dinnos\u0165 v \u0161iestich \u0161t\u00e1toch Afriky pozd\u013a\u017e rieky N\u00edl, a to: v Egypte, Sud\u00e1ne, Eritrei, Eti\u00f3pii, Tanz\u00e1nii a Kongu.<\/p>\n","protected":false},"excerpt":{"rendered":"<p>Spolo\u010denstvo evanjelick\u00fdch \u017eien Pre ka\u017ed\u00fa \u017eenu m\u00e1 P\u00e1n Boh svoje poslanie, miesto ur\u010denia a p\u00f4sobenia. Nenech\u00e1va nikoho bez pomoci, lebo zas\u013e\u00fabil: Vyu\u010d\u00edm \u0165a a uk\u00e1\u017eem [&#8230;]<\/p>\n","protected":false},"author":3,"featured_media":0,"parent":10,"menu_order":0,"comment_status":"open","ping_status":"closed","template":"","meta":{"ngg_post_thumbnail":0,"footnotes":""},"class_list":["post-370","page","type-page","status-publish","hentry"],"_links":{"self":[{"href":"https:\/\/ecavpp.sk\/data\/wp-json\/wp\/v2\/pages\/370","targetHints":{"allow":["GET"]}}],"collection":[{"href":"https:\/\/ecavpp.sk\/data\/wp-json\/wp\/v2\/pages"}],"about":[{"href":"https:\/\/ecavpp.sk\/data\/wp-json\/wp\/v2\/types\/page"}],"author":[{"embeddable":true,"href":"https:\/\/ecavpp.sk\/data\/wp-json\/wp\/v2\/users\/3"}],"replies":[{"embeddable":true,"href":"https:\/\/ecavpp.sk\/data\/wp-json\/wp\/v2\/comments?post=370"}],"version-history":[{"count":7,"href":"https:\/\/ecavpp.sk\/data\/wp-json\/wp\/v2\/pages\/370\/revisions"}],"predecessor-version":[{"id":5119,"href":"https:\/\/ecavpp.sk\/data\/wp-json\/wp\/v2\/pages\/370\/revisions\/5119"}],"up":[{"embeddable":true,"href":"https:\/\/ecavpp.sk\/data\/wp-json\/wp\/v2\/pages\/10"}],"wp:attachment":[{"href":"https:\/\/ecavpp.sk\/data\/wp-json\/wp\/v2\/media?parent=370"}],"curies":[{"name":"wp","href":"https:\/\/api.w.org\/{rel}","templated":true}]}}