{"id":368,"date":"2013-01-16T20:28:02","date_gmt":"2013-01-16T20:28:02","guid":{"rendered":"http:\/\/ecavpp.sk\/?page_id=368"},"modified":"2025-01-23T18:29:04","modified_gmt":"2025-01-23T17:29:04","slug":"modlitby","status":"publish","type":"page","link":"https:\/\/ecavpp.sk\/data\/aktivity\/modlitby\/","title":{"rendered":"Zborov\u00e9 MoS"},"content":{"rendered":"<p><a href=\"http:\/\/ecavpp.sk\/aktivity\/modlitby\/mos_kostol\/\" rel=\"attachment wp-att-396\"><img loading=\"lazy\" decoding=\"async\" width=\"180\" height=\"240\" class=\"size-full wp-image-396 alignleft\" style=\"margin: 10px;\" alt=\"Clipboard01\" src=\"http:\/\/ecavpp.sk\/data\/wp-content\/uploads\/Clipboard01.jpg\"><\/a>\u201eKE\u010e BUDETE PROSI\u0164 OTCA O&nbsp;NIE\u010cO, D\u00c1 V\u00c1M TO V&nbsp;MOJOM MENE. DOTERAZ STE O&nbsp;NI\u010c NEPROSILI V&nbsp;MOJOM MENE. PROSTE A&nbsp;VEZMETE, ABY VA\u0160A RADOS\u0164 BOLA \u00daPLN\u00c1.\u201c<\/p>\n<p align=\"right\">J\u00e1n 16:23-24<\/p>\n<p><b>Mil\u00e9 sestry a bratia,<\/b> chceme sa V\u00e1m prihovori\u0165 my, ktor\u00ed sa stret\u00e1vame ako Modlitebn\u00e9 spolo\u010denstvo ECAV v Poprade. Modlitebn\u00e9 spolo\u010denstvo (MoS) ECAV na Slovensku je s\u00fa\u010das\u0165 vn\u00fatromisijn\u00e9ho \u017eivota na\u0161ej drahej evanjelickej cirkvi a je to spolo\u010denstvo t\u00fdch sestier a bratov, ktor\u00ed klad\u00fa mimoriadny d\u00f4raz na modlitbu. MoS nie je nov\u00fd spolok v cirkvi, ale je to spolo\u010denstvo t\u00fdch, ktor\u00ed si \u017eelaj\u00fa, aby modlitebn\u00fd \u017eivot v cirkevnom zbore bol vr\u00facnej\u0161\u00ed a horlivej\u0161\u00ed a sami tak\u00fdto \u017eivot praktizuj\u00fa vo svojom s\u00fakrom\u00ed, a tie\u017e na spolo\u010dn\u00fdch stretnutiach.<\/p>\n<p>Modlitebn\u00e9 spolo\u010denstvo v na\u0161om Cirkevnom zbore ECAV Poprad m\u00e1 ofici\u00e1lny d\u00e1tum vzniku 7. 7. 2002. V t\u00fato nede\u013eu sa stala skuto\u010dnos\u0165ou t\u00fa\u017eba nieko\u013ek\u00fdch sestier, ktor\u00e9 sa dovtedy pri modlitb\u00e1ch a Slove Bo\u017eom sch\u00e1dzali v dom\u00e1cnostiach. O tom, \u017ee Sv\u00e4t\u00fd Duch po\u017eehn\u00e1 dobr\u00e9 dielo, sme sa mohli presved\u010di\u0165 aj v tomto konkr\u00e9tnom pr\u00edpade. Po\u010diato\u010dn\u00fd po\u010det 3 a\u017e 5 os\u00f4b nar\u00e1stol na teraj\u0161\u00ed 16 i viac modlitebn\u00edkov.<\/p>\n<p><a href=\"http:\/\/ecavpp.sk\/aktivity\/modlitby\/mos_ruky\/\" rel=\"attachment wp-att-401\"><img loading=\"lazy\" decoding=\"async\" width=\"320\" height=\"240\" class=\"size-full wp-image-401 alignright\" style=\"margin: 10px;\" alt=\"MoS - ruky\" src=\"http:\/\/ecavpp.sk\/data\/wp-content\/uploads\/Clipboard02.jpg\" srcset=\"https:\/\/ecavpp.sk\/data\/wp-content\/uploads\/Clipboard02.jpg 320w, https:\/\/ecavpp.sk\/data\/wp-content\/uploads\/Clipboard02-300x225.jpg 300w\" sizes=\"auto, (max-width: 320px) 100vw, 320px\" \/><\/a><b>Osobn\u00e9 vyznanie \u010dlena MoS ECAV:<\/b><\/p>\n<p>1\/ P\u00e1n Je\u017ei\u0161 Kristus, Bo\u017e\u00ed Syn, je moj\u00edm jedin\u00fdm Spasite\u013eom a zvrchovan\u00fdm P\u00e1nom. Jemu patr\u00ed m\u00f4j \u017eivot.<\/p>\n<p>2\/ Bo\u017eie slovo Biblie je pre m\u0148a pravidlo viery a \u017eivota. \u010c\u00edtam a \u0161tudujem si ho denne, a pod veden\u00edm Ducha Sv\u00e4t\u00e9ho, chcem toto slovo \u017ei\u0165 v rodine i v zbore.<\/p>\n<p>3\/ V Modlitebnom spolo\u010denstve chcem z\u00e1v\u00e4zne zotrva\u0165, pravidelne v sobotu sa s bratmi a sestrami MoS modlieva\u0165 a o\u010dak\u00e1va\u0165 vo viere na splnenie Bo\u017e\u00edch s\u013eubov o duchovnom prebuden\u00ed v cirkvi a spolo\u010dnosti.<\/p>\n<p>4\/ Pod\u013ea svojich darov a schopnost\u00ed od Boha mi dan\u00fdch, chcem by\u0165 svedkom o spasen\u00ed v Kristu Je\u017ei\u0161ovi, a to pri osobnej i masovej misii a evanjeliz\u00e1cii a bra\u0165 na seba aj utrpenie pre meno P\u00e1na Je\u017ei\u0161a Krista.<\/p>\n<p><b>T\u00fa\u017eba Modlitebn\u00e9ho spolo\u010denstva je, aby na\u0161a cirkev bola duchovne kr\u00e1sna, \u010dist\u00e1 a bez \u00fahony. <\/b>(Ef 5:27)<\/p>\n<p>MoS je otvoren\u00e9 pre v\u0161etk\u00fdch \u010fal\u0161\u00edch modlitebn\u00edkov, ktor\u00fdch poz\u00fdva ku spolo\u010dn\u00fdm modlitb\u00e1m a pon\u00faka i <span style=\"text-decoration: underline;\">mo\u017enos\u0165 sta\u0165 sa registrovan\u00fdm \u010di neform\u00e1lnym \u010dlenom MoS Cirkevn\u00e9ho zboru ECAV Poprad.<\/span><\/p>\n<p>Po\u010das cel\u00e9ho roka sa pravidelne sch\u00e1dzame k spolo\u010dn\u00fdm&nbsp;modlitb\u00e1m ka\u017ed\u00fd \u0161tvrtok o 16:00 h v zborovej miestnosti CZ na Ulici 1. m\u00e1ja \u010d. 1 v Poprade. Taktie\u017e pon\u00fakame mo\u017enos\u0165 modlitebn\u00fdch st\u00ed\u0161en\u00ed aj v s\u00fakrom\u00ed dom\u00e1cnosti za potreby v rodine.<\/p>\n<p style=\"text-align: center;\"><b>Aktivity MoS ECAV<\/b><\/p>\n<p>MoS ECAV organizuje podujatia na r\u00f4znych \u00farovniach.<\/p>\n<p><b>Senior\u00e1tne stretnutie MoS ECAV<\/b> sa kon\u00e1 v\u017edy v inom cirkevnom zbore n\u00e1\u0161ho senior\u00e1tu. Stretnutia s\u00fa tematicky zameran\u00e9 a t\u00e9mu rozvinie pozvan\u00fd hos\u0165 i pr\u00edtomn\u00ed v diskusii. Ve\u013emi zauj\u00edmav\u00e1 bola napr. t\u00e9ma o misii v africkej Zambii, kde p\u00f4sob\u00ed sestra Zuzka Koval\u010d\u00edkov\u00e1 z CZ ECAV Batizovce.<\/p>\n<p><b>Konferencia MoS ECAV<\/b> ka\u017edoro\u010dne v marci hodnot\u00ed svoje aktivity a pl\u00e1nuje \u010fal\u0161ie na nov\u00e9 obdobie. Pr\u00edtomn\u00ed \u010dlenovia MoS z celej vlasti sa v\u0161ak te\u0161ia aj na hodnotn\u00e9 predn\u00e1\u0161ky fundovan\u00fdch predn\u00e1\u0161ate\u013eov na vybrat\u00e9 t\u00e9my. Hostite\u013eom v porad\u00ed 21. konferencie MoS ECAV bol v roku 2010 n\u00e1\u0161 popradsk\u00fd CZ.<\/p>\n<p><b><a href=\"http:\/\/ecavpp.sk\/aktivity\/modlitby\/mos_ruky_2\/\" rel=\"attachment wp-att-410\"><img loading=\"lazy\" decoding=\"async\" width=\"240\" height=\"160\" class=\"size-full wp-image-410 alignleft\" style=\"margin: 10px;\" alt=\"MoS - ruky 2\" src=\"http:\/\/ecavpp.sk\/data\/wp-content\/uploads\/Clipboard03.jpg\"><\/a>Biblicko-rekrea\u010dn\u00fd t\u00fd\u017ede\u0148 MoS ECAV<\/b> je tie\u017e ka\u017edoro\u010dn\u00e1 celocirkevn\u00e1 aktivita, konaj\u00faca sa v\u017edy v okt\u00f3bri v Her\u013eanoch. P\u00e4\u0165d\u0148ov\u00fd pobyt m\u00e1 svoju t\u00e9mu, ktor\u00fa predn\u00e1\u0161atelia predstavia z r\u00f4znych aspektov. Neodmyslite\u013en\u00fa s\u00fa\u010das\u0165 pobytu tvoria rann\u00e9 a ve\u010dern\u00e9 pobo\u017enosti, semin\u00e1re a misijn\u00e9 slu\u017eby Bo\u017eie v niektorom bl\u00edzkom cirkevnom zbore. V priebehu ka\u017ed\u00e9ho d\u0148a \u00fa\u010dastn\u00edci vysielaj\u00fa mno\u017estvo modlitieb za veci Bo\u017eie, i tohto sveta, za potreby bl\u00ed\u017enych, i samotn\u00fdch modlitebn\u00edkov. Po\u017eehnan\u00e9 dni pre\u017eit\u00e9 v tomto bratsko-sesterskom spolo\u010denstve pova\u017euj\u00fa v\u0161etci z\u00fa\u010dastnen\u00ed za ve\u013ek\u00e9 duchovn\u00e9 obohatenie svojej viery a povzbudenie do \u010fal\u0161ej slu\u017eby na P\u00e1novej vinici.<\/p>\n<p align=\"right\">Mgr. Zuzana Valekov\u00e1, koordin\u00e1torka MoS CZ ECAV Poprad<\/p>\n","protected":false},"excerpt":{"rendered":"<p>\u201eKE\u010e BUDETE PROSI\u0164 OTCA O&nbsp;NIE\u010cO, D\u00c1 V\u00c1M TO V&nbsp;MOJOM MENE. DOTERAZ STE O&nbsp;NI\u010c NEPROSILI V&nbsp;MOJOM MENE. PROSTE A&nbsp;VEZMETE, ABY VA\u0160A RADOS\u0164 BOLA \u00daPLN\u00c1.\u201c J\u00e1n 16:23-24 [&#8230;]<\/p>\n","protected":false},"author":3,"featured_media":0,"parent":10,"menu_order":0,"comment_status":"closed","ping_status":"closed","template":"","meta":{"ngg_post_thumbnail":0,"footnotes":""},"class_list":["post-368","page","type-page","status-publish","hentry"],"_links":{"self":[{"href":"https:\/\/ecavpp.sk\/data\/wp-json\/wp\/v2\/pages\/368","targetHints":{"allow":["GET"]}}],"collection":[{"href":"https:\/\/ecavpp.sk\/data\/wp-json\/wp\/v2\/pages"}],"about":[{"href":"https:\/\/ecavpp.sk\/data\/wp-json\/wp\/v2\/types\/page"}],"author":[{"embeddable":true,"href":"https:\/\/ecavpp.sk\/data\/wp-json\/wp\/v2\/users\/3"}],"replies":[{"embeddable":true,"href":"https:\/\/ecavpp.sk\/data\/wp-json\/wp\/v2\/comments?post=368"}],"version-history":[{"count":22,"href":"https:\/\/ecavpp.sk\/data\/wp-json\/wp\/v2\/pages\/368\/revisions"}],"predecessor-version":[{"id":13936,"href":"https:\/\/ecavpp.sk\/data\/wp-json\/wp\/v2\/pages\/368\/revisions\/13936"}],"up":[{"embeddable":true,"href":"https:\/\/ecavpp.sk\/data\/wp-json\/wp\/v2\/pages\/10"}],"wp:attachment":[{"href":"https:\/\/ecavpp.sk\/data\/wp-json\/wp\/v2\/media?parent=368"}],"curies":[{"name":"wp","href":"https:\/\/api.w.org\/{rel}","templated":true}]}}