{"id":360,"date":"2013-01-16T20:19:23","date_gmt":"2013-01-16T20:19:23","guid":{"rendered":"http:\/\/ecavpp.sk\/?page_id=360"},"modified":"2025-01-23T18:29:38","modified_gmt":"2025-01-23T17:29:38","slug":"spevokol","status":"publish","type":"page","link":"https:\/\/ecavpp.sk\/data\/aktivity\/spevokol\/","title":{"rendered":"Spevokol"},"content":{"rendered":"<p>Zborov\u00fd spevokol vedie brat far\u00e1r. Stret\u00e1va sa pravidelne raz za t\u00fd\u017ede\u0148 v zborovej miestnosti na Ulici 1. M\u00e1ja.&nbsp;<\/p>\n<p><!--\n<strong>Uk\u00e1\u017eka z reperto\u00e1ru spevokolu piese\u0148 Haleluja:<\/strong>\n\n<iframe loading=\"lazy\" src=\"http:\/\/www.youtube.com\/embed\/sXzTDSsuyG8\" height=\"300\" width=\"480\" allowfullscreen=\"\" frameborder=\"0\"><\/iframe>\n--><\/p>\n","protected":false},"excerpt":{"rendered":"<p>Zborov\u00fd spevokol vedie brat far\u00e1r. Stret\u00e1va sa pravidelne raz za t\u00fd\u017ede\u0148 v zborovej miestnosti na Ulici 1. M\u00e1ja.&nbsp;<\/p>\n","protected":false},"author":3,"featured_media":0,"parent":10,"menu_order":0,"comment_status":"closed","ping_status":"closed","template":"","meta":{"ngg_post_thumbnail":0,"footnotes":""},"class_list":["post-360","page","type-page","status-publish","hentry"],"_links":{"self":[{"href":"https:\/\/ecavpp.sk\/data\/wp-json\/wp\/v2\/pages\/360","targetHints":{"allow":["GET"]}}],"collection":[{"href":"https:\/\/ecavpp.sk\/data\/wp-json\/wp\/v2\/pages"}],"about":[{"href":"https:\/\/ecavpp.sk\/data\/wp-json\/wp\/v2\/types\/page"}],"author":[{"embeddable":true,"href":"https:\/\/ecavpp.sk\/data\/wp-json\/wp\/v2\/users\/3"}],"replies":[{"embeddable":true,"href":"https:\/\/ecavpp.sk\/data\/wp-json\/wp\/v2\/comments?post=360"}],"version-history":[{"count":14,"href":"https:\/\/ecavpp.sk\/data\/wp-json\/wp\/v2\/pages\/360\/revisions"}],"predecessor-version":[{"id":13937,"href":"https:\/\/ecavpp.sk\/data\/wp-json\/wp\/v2\/pages\/360\/revisions\/13937"}],"up":[{"embeddable":true,"href":"https:\/\/ecavpp.sk\/data\/wp-json\/wp\/v2\/pages\/10"}],"wp:attachment":[{"href":"https:\/\/ecavpp.sk\/data\/wp-json\/wp\/v2\/media?parent=360"}],"curies":[{"name":"wp","href":"https:\/\/api.w.org\/{rel}","templated":true}]}}