{"id":35,"date":"2011-06-08T15:38:29","date_gmt":"2011-06-08T15:38:29","guid":{"rendered":"http:\/\/127.0.0.1:8888\/?page_id=6"},"modified":"2026-04-12T15:35:44","modified_gmt":"2026-04-12T14:35:44","slug":"zborovy-list","status":"publish","type":"page","link":"https:\/\/ecavpp.sk\/data\/zborovy-list\/","title":{"rendered":"Zborov\u00fd list popradsk\u00fdch evanjelikov"},"content":{"rendered":"<p><strong>2026<\/strong><\/p>\n<p><a href=\"https:\/\/ecavpp.sk\/data\/wp-content\/uploads\/ZL-2o26-02.pdf\"><img loading=\"lazy\" decoding=\"async\" class=\"alignnone size-full wp-image-13793\" src=\"https:\/\/ecavpp.sk\/data\/wp-content\/uploads\/zl-2026_04_06.jpg\" alt=\"\" width=\"139\" height=\"200\">04-06<\/a><\/p>\n<p><a href=\"https:\/\/ecavpp.sk\/data\/wp-content\/uploads\/priloha-ZL-032026.pdf\"><img loading=\"lazy\" decoding=\"async\" class=\"alignnone size-full wp-image-13793\" src=\"https:\/\/ecavpp.sk\/data\/wp-content\/uploads\/zl-2026_03.jpg\" alt=\"\" width=\"139\" height=\"200\">pr\u00edloha 03<\/a>&nbsp; &nbsp; &nbsp;<a href=\"https:\/\/ecavpp.sk\/data\/wp-content\/uploads\/priloha-ZL-022026.pdf\"><img loading=\"lazy\" decoding=\"async\" class=\"alignnone size-full wp-image-13793\" src=\"https:\/\/ecavpp.sk\/data\/wp-content\/uploads\/zl-2026_02.jpg\" alt=\"\" width=\"139\" height=\"200\">pr\u00edloha 02<\/a>&nbsp; &nbsp; &nbsp;<a href=\"https:\/\/ecavpp.sk\/data\/wp-content\/uploads\/ZL-2o26-01.pdf\"><img loading=\"lazy\" decoding=\"async\" class=\"alignnone size-full wp-image-13793\" src=\"https:\/\/ecavpp.sk\/data\/wp-content\/uploads\/zl-2026_01_03.jpg\" alt=\"\" width=\"139\" height=\"200\">01-03<\/a><\/p>\n<p><strong>2025<\/strong><\/p>\n<p><a href=\"https:\/\/ecavpp.sk\/data\/wp-content\/uploads\/ZL-2o25-04_.pdf\"><img loading=\"lazy\" decoding=\"async\" class=\"alignnone size-full wp-image-13793\" src=\"https:\/\/ecavpp.sk\/data\/wp-content\/uploads\/zl-2025_10_12.jpg\" alt=\"\" width=\"139\" height=\"200\">10-12<\/a><\/p>\n<p><a href=\"https:\/\/ecavpp.sk\/data\/wp-content\/uploads\/ZL_2025-03-pub.pdf\"><img loading=\"lazy\" decoding=\"async\" class=\"alignnone size-full wp-image-13793\" src=\"https:\/\/ecavpp.sk\/data\/wp-content\/uploads\/zl-2025_07_09.jpg\" alt=\"\" width=\"141\" height=\"200\">7-9<\/a>&nbsp; &nbsp; &nbsp; <a href=\"https:\/\/ecavpp.sk\/data\/wp-content\/uploads\/ZL-2o25-02_.pdf\"><img loading=\"lazy\" decoding=\"async\" class=\"alignnone size-full wp-image-13793\" src=\"https:\/\/ecavpp.sk\/data\/wp-content\/uploads\/zl-2025_04_06.jpg\" alt=\"\" width=\"140\" height=\"200\">4-6<\/a>&nbsp; &nbsp; &nbsp; <a href=\"https:\/\/ecavpp.sk\/data\/wp-content\/uploads\/ZL-2o25-01.pdf\"><img loading=\"lazy\" decoding=\"async\" class=\"alignnone size-full wp-image-13793\" src=\"https:\/\/ecavpp.sk\/data\/wp-content\/uploads\/ZL-25_01_03.jpg\" alt=\"\" width=\"141\" height=\"200\">1-3<\/a><\/p>\n<p><strong>2024<\/strong><\/p>\n<p><a href=\"https:\/\/ecavpp.sk\/data\/wp-content\/uploads\/ZL-2o24-007.pdf\"><img loading=\"lazy\" decoding=\"async\" class=\"alignnone size-full wp-image-13793\" src=\"https:\/\/ecavpp.sk\/data\/wp-content\/uploads\/zl-24_12.jpg\" alt=\"\" width=\"141\" height=\"200\">12<\/a><\/p>\n<p><a href=\"https:\/\/ecavpp.sk\/data\/wp-content\/uploads\/ZL-2o24-06.pdf\"><img loading=\"lazy\" decoding=\"async\" class=\"alignnone size-full wp-image-13793\" src=\"https:\/\/ecavpp.sk\/data\/wp-content\/uploads\/zl-24_11_12.jpg\" alt=\"\" width=\"141\" height=\"200\">11-12<\/a>&nbsp; &nbsp; &nbsp;<a href=\"https:\/\/ecavpp.sk\/data\/wp-content\/uploads\/ZL-2o24-05.pdf\"><img loading=\"lazy\" decoding=\"async\" class=\"alignnone size-full wp-image-13805\" src=\"https:\/\/ecavpp.sk\/data\/wp-content\/uploads\/zl-24_9_10.jpg\" alt=\"\" width=\"140\" height=\"200\">9-10<\/a>&nbsp; &nbsp; &nbsp;<a href=\"https:\/\/ecavpp.sk\/data\/wp-content\/uploads\/ZL-2o24-04_-.pdf\"><img loading=\"lazy\" decoding=\"async\" class=\"alignnone size-full wp-image-13812\" src=\"https:\/\/ecavpp.sk\/data\/wp-content\/uploads\/zl-24_7_8.jpg\" alt=\"\" width=\"138\" height=\"200\">7-8<\/a><\/p>\n<p><a href=\"https:\/\/ecavpp.sk\/data\/wp-content\/uploads\/ZL-2o24-03.pdf\"><img loading=\"lazy\" decoding=\"async\" class=\"alignnone size-full wp-image-13817\" src=\"https:\/\/ecavpp.sk\/data\/wp-content\/uploads\/zl-24_5_6.jpg\" alt=\"\" width=\"140\" height=\"200\">5-6<\/a>&nbsp;&nbsp;&nbsp;<a href=\"https:\/\/ecavpp.sk\/data\/wp-content\/uploads\/ZL-2o24-02.pdf\"><img loading=\"lazy\" decoding=\"async\" class=\"alignnone size-full wp-image-13821\" src=\"https:\/\/ecavpp.sk\/data\/wp-content\/uploads\/zl-24_3_4.jpg\" alt=\"\" width=\"142\" height=\"200\">3-4<\/a>&nbsp;&nbsp;&nbsp;<a href=\"https:\/\/ecavpp.sk\/data\/wp-content\/uploads\/ZL-2o24-01.pdf\"><img loading=\"lazy\" decoding=\"async\" class=\"alignnone size-full wp-image-13822\" src=\"https:\/\/ecavpp.sk\/data\/wp-content\/uploads\/zl-24_1_2.jpg\" alt=\"\" width=\"140\" height=\"200\">1-2<\/a><\/p>\n<p><strong>2023<\/strong><\/p>\n<p><a href=\"https:\/\/ecavpp.sk\/data\/wp-content\/uploads\/ZL-2023_12.pdf\"><img loading=\"lazy\" decoding=\"async\" class=\"alignnone size-full wp-image-13834\" src=\"https:\/\/ecavpp.sk\/data\/wp-content\/uploads\/zl-12.jpg\" alt=\"\" width=\"132\" height=\"200\">12<\/a><\/p>\n<p><a href=\"https:\/\/ecavpp.sk\/data\/wp-content\/uploads\/ZL-2o23-06up_.pdf\"><img loading=\"lazy\" decoding=\"async\" class=\"alignnone size-full wp-image-13835\" src=\"https:\/\/ecavpp.sk\/data\/wp-content\/uploads\/zl-23_11_12.jpg\" alt=\"\" width=\"138\" height=\"200\">11-12<\/a>&nbsp;&nbsp;&nbsp;<a href=\"https:\/\/ecavpp.sk\/data\/wp-content\/uploads\/ZL-2o23-05.pdf\"><img loading=\"lazy\" decoding=\"async\" class=\"alignnone size-full wp-image-13836\" src=\"https:\/\/ecavpp.sk\/data\/wp-content\/uploads\/zl-23_9_10.jpg\" alt=\"\" width=\"139\" height=\"200\">9-10<\/a>&nbsp;&nbsp;&nbsp;<a href=\"https:\/\/ecavpp.sk\/data\/wp-content\/uploads\/ZL-2o23-04.pdf\"><img loading=\"lazy\" decoding=\"async\" class=\"alignnone size-full wp-image-13837\" src=\"https:\/\/ecavpp.sk\/data\/wp-content\/uploads\/zl-23_7_8.jpg\" alt=\"\" width=\"139\" height=\"200\">7-8<\/a><\/p>\n<p><a href=\"https:\/\/ecavpp.sk\/data\/wp-content\/uploads\/ZL-2o23-03.pdf\"><img loading=\"lazy\" decoding=\"async\" class=\"alignnone size-full wp-image-13838\" src=\"https:\/\/ecavpp.sk\/data\/wp-content\/uploads\/zl-23_5_6.jpg\" alt=\"\" width=\"140\" height=\"200\">5-6<\/a>&nbsp;&nbsp;&nbsp;<a href=\"https:\/\/ecavpp.sk\/data\/wp-content\/uploads\/ZL-2o23-02_.pdf\"><img loading=\"lazy\" decoding=\"async\" class=\"alignnone size-full wp-image-13839\" src=\"https:\/\/ecavpp.sk\/data\/wp-content\/uploads\/zl-23_3_4.jpg\" alt=\"\" width=\"141\" height=\"200\">3-4<\/a>&nbsp;&nbsp;&nbsp;<a href=\"https:\/\/ecavpp.sk\/data\/wp-content\/uploads\/ZL-2o23-01.pdf\"><img loading=\"lazy\" decoding=\"async\" class=\"alignnone size-full wp-image-13840\" src=\"https:\/\/ecavpp.sk\/data\/wp-content\/uploads\/zl-23_1_2.jpg\" alt=\"\" width=\"141\" height=\"200\">1-2<\/a><\/p>\n<p>Star\u0161ie \u010d\u00edsla s\u00fa k pre\u010d\u00edtaniu v kni\u017enici cirkevn\u00e9ho zboru.<\/p>\n","protected":false},"excerpt":{"rendered":"<p>2026 04-06 pr\u00edloha 03&nbsp; &nbsp; &nbsp;pr\u00edloha 02&nbsp; &nbsp; &nbsp;01-03 2025 10-12 7-9&nbsp; &nbsp; &nbsp; 4-6&nbsp; &nbsp; &nbsp; 1-3 2024 12 11-12&nbsp; &nbsp; &nbsp;9-10&nbsp; &nbsp; &nbsp;7-8 [&#8230;]<\/p>\n","protected":false},"author":3,"featured_media":0,"parent":0,"menu_order":0,"comment_status":"closed","ping_status":"closed","template":"","meta":{"ngg_post_thumbnail":0,"footnotes":""},"class_list":["post-35","page","type-page","status-publish","hentry"],"_links":{"self":[{"href":"https:\/\/ecavpp.sk\/data\/wp-json\/wp\/v2\/pages\/35","targetHints":{"allow":["GET"]}}],"collection":[{"href":"https:\/\/ecavpp.sk\/data\/wp-json\/wp\/v2\/pages"}],"about":[{"href":"https:\/\/ecavpp.sk\/data\/wp-json\/wp\/v2\/types\/page"}],"author":[{"embeddable":true,"href":"https:\/\/ecavpp.sk\/data\/wp-json\/wp\/v2\/users\/3"}],"replies":[{"embeddable":true,"href":"https:\/\/ecavpp.sk\/data\/wp-json\/wp\/v2\/comments?post=35"}],"version-history":[{"count":180,"href":"https:\/\/ecavpp.sk\/data\/wp-json\/wp\/v2\/pages\/35\/revisions"}],"predecessor-version":[{"id":14736,"href":"https:\/\/ecavpp.sk\/data\/wp-json\/wp\/v2\/pages\/35\/revisions\/14736"}],"wp:attachment":[{"href":"https:\/\/ecavpp.sk\/data\/wp-json\/wp\/v2\/media?parent=35"}],"curies":[{"name":"wp","href":"https:\/\/api.w.org\/{rel}","templated":true}]}}