{"id":346,"date":"2013-01-16T20:04:49","date_gmt":"2013-01-16T20:04:49","guid":{"rendered":"http:\/\/ecavpp.sk\/?page_id=346"},"modified":"2025-01-23T18:25:33","modified_gmt":"2025-01-23T17:25:33","slug":"deti","status":"publish","type":"page","link":"https:\/\/ecavpp.sk\/data\/aktivity\/deti\/","title":{"rendered":"Detsk\u00e1 besiedka"},"content":{"rendered":"<p>Deti, ktor\u00e9 nav\u0161tevuj\u00fa Detsk\u00fa besiedku sa stret\u00e1vaj\u00fa v nede\u013eu r\u00e1no v kostole o 9.00 hod. a po po\u017eehnan\u00ed po\u010das prvej piesne odch\u00e1dzaj\u00fa do zborovej miestnosti na Ulici 1. M\u00e1ja. Po\u010das slu\u017eieb Bo\u017e\u00edch sa im venuj\u00fa na\u0161e diev\u010dat\u00e1, preberaj\u00fa s nimi biblick\u00e9 pr\u00edbehy sp\u00f4sobom primeran\u00fdm ich veku, hraj\u00fa sa spolo\u010densk\u00e9 hry a pod. Detsk\u00fa besiedku vedie Lucia Dindo\u0161ov\u00e1 v spolupr\u00e1ci s ochotn\u00fdmi u\u010dite\u013ekami.<\/p>\n<p><a href=\"http:\/\/ecavpp.sk\/data\/wp-content\/uploads\/pozvanie-besiedka.jpg\" rel=\"lightbox[346]\"><img loading=\"lazy\" decoding=\"async\" class=\"alignnone size-full wp-image-1031\" src=\"http:\/\/ecavpp.sk\/data\/wp-content\/uploads\/pozvanie-besiedka.jpg\" alt=\"pozvanie besiedka\" width=\"800\" height=\"562\" srcset=\"https:\/\/ecavpp.sk\/data\/wp-content\/uploads\/pozvanie-besiedka.jpg 800w, https:\/\/ecavpp.sk\/data\/wp-content\/uploads\/pozvanie-besiedka-300x210.jpg 300w, https:\/\/ecavpp.sk\/data\/wp-content\/uploads\/pozvanie-besiedka-624x438.jpg 624w\" sizes=\"auto, (max-width: 800px) 100vw, 800px\" \/><\/a><\/p>\n<span class=\"collapseomatic \" id=\"id69ecc734bfb33\"  tabindex=\"0\" title=\"pre besiedk\u00e1rov\"    >pre besiedk\u00e1rov<\/span><div id=\"target-id69ecc734bfb33\" class=\"collapseomatic_content \">\n<p>&nbsp;<\/p>\n<p>Na besiedke pou\u017e\u00edvame <a href=\"https:\/\/drive.google.com\/open?id=1BZtSZv9EUT4A0GfCNw43Dw56eEvoQ7Yw\" target=\"_blank\" rel=\"noopener noreferrer\">tento spevn\u00edk<\/a>. Pre tla\u010d je <a href=\"https:\/\/drive.google.com\/open?id=1nRdhdDeGJ8xWURasqrHquJpDuhyKmcgd\" target=\"_blank\" rel=\"noopener noreferrer\">t\u00e1to verzia<\/a>.<\/p>\n<\/div>\n","protected":false},"excerpt":{"rendered":"<p>Deti, ktor\u00e9 nav\u0161tevuj\u00fa Detsk\u00fa besiedku sa stret\u00e1vaj\u00fa v nede\u013eu r\u00e1no v kostole o 9.00 hod. a po po\u017eehnan\u00ed po\u010das prvej piesne odch\u00e1dzaj\u00fa do zborovej miestnosti [&#8230;]<\/p>\n","protected":false},"author":3,"featured_media":0,"parent":10,"menu_order":0,"comment_status":"closed","ping_status":"closed","template":"","meta":{"ngg_post_thumbnail":0,"footnotes":""},"class_list":["post-346","page","type-page","status-publish","hentry"],"_links":{"self":[{"href":"https:\/\/ecavpp.sk\/data\/wp-json\/wp\/v2\/pages\/346","targetHints":{"allow":["GET"]}}],"collection":[{"href":"https:\/\/ecavpp.sk\/data\/wp-json\/wp\/v2\/pages"}],"about":[{"href":"https:\/\/ecavpp.sk\/data\/wp-json\/wp\/v2\/types\/page"}],"author":[{"embeddable":true,"href":"https:\/\/ecavpp.sk\/data\/wp-json\/wp\/v2\/users\/3"}],"replies":[{"embeddable":true,"href":"https:\/\/ecavpp.sk\/data\/wp-json\/wp\/v2\/comments?post=346"}],"version-history":[{"count":19,"href":"https:\/\/ecavpp.sk\/data\/wp-json\/wp\/v2\/pages\/346\/revisions"}],"predecessor-version":[{"id":13934,"href":"https:\/\/ecavpp.sk\/data\/wp-json\/wp\/v2\/pages\/346\/revisions\/13934"}],"up":[{"embeddable":true,"href":"https:\/\/ecavpp.sk\/data\/wp-json\/wp\/v2\/pages\/10"}],"wp:attachment":[{"href":"https:\/\/ecavpp.sk\/data\/wp-json\/wp\/v2\/media?parent=346"}],"curies":[{"name":"wp","href":"https:\/\/api.w.org\/{rel}","templated":true}]}}