{"id":19,"date":"2011-06-08T15:40:16","date_gmt":"2011-06-08T15:40:16","guid":{"rendered":"http:\/\/127.0.0.1:8888\/?page_id=19"},"modified":"2018-02-01T08:36:12","modified_gmt":"2018-02-01T08:36:12","slug":"straze","status":"publish","type":"page","link":"https:\/\/ecavpp.sk\/data\/o-zbore\/straze\/","title":{"rendered":"Str\u00e1\u017ee"},"content":{"rendered":"<p>Evanjelick\u00e1 cirkev a. v. v\u00a0Str\u00e1\u017each za\u010dala svoju \u010dinnos\u0165 s pr\u00edchodom horliv\u00e9ho k\u0148aza Juraja Leudischera, ktor\u00fd musel v roku 1527 od\u00eds\u0165 z Levo\u010de. Nesk\u00f4r (v roku 1575) dostali evanjelick\u00ed veriaci aj gotick\u00fd kostol J\u00e1na Krstite\u013ea a 96 rokov sa v \u0148om konali slu\u017eby Bo\u017eie. Za\u00a0prv\u00e9ho evanjelick\u00e9ho far\u00e1ra v\u00a0Str\u00e1\u017each je pova\u017eovan\u00fd velick\u00fd rod\u00e1k Serv\u00e1c Botzdorfer, ktor\u00fd p\u00f4sobil aj ako u\u010dite\u013e a\u00a0diakon. Po\u010das n\u00e1silnej rekatoliz\u00e1cie evanjelikov cis\u00e1rsky gener\u00e1l Spork s vojskom im 3. apr\u00edla 1671 odobral kostol a a\u017e v roku 1694 dostali povolenie na stavbu drevenej modlitebne, ale bez far\u00e1ra. S\u00fahlas ma\u0165 i far\u00e1ra dostali Str\u00e1\u017ee v roku 1706. V\u00a0tom obdob\u00ed mali Str\u00e1\u017ee spolo\u010dn\u00e9ho far\u00e1ra so Spi\u0161skou Sobotou Eli\u00e1\u0161a Frangusa. Str\u00e1\u017ee mali 464 evanjelikov a iba 19 katol\u00edkov v roku 1772, ke\u010f sa Uhorsku vr\u00e1tili mest\u00e1 z po\u013esk\u00e9ho z\u00e1lohu.<\/p>\n<p>Evanjelick\u00e1 cirkev bola v\u00a0obci samostatn\u00e1 od roku 1792, ke\u010f sa prv\u00fdm kazate\u013eom stal v\u00fdznamn\u00fd spi\u0161sk\u00fd pr\u00edrodovedec a \u0161\u013eachtic Samuel Augustiny ab Hortis, ktor\u00fd tu p\u00f4sobil v\u00a0rokoch 1783-1792. Po udelen\u00ed Toleran\u010dn\u00e9ho patentu z\u00edskali evanjelick\u00ed veriaci n\u00e1bo\u017eensk\u00fa slobodu a smeli si namiesto modlitebne postavi\u0165 murovan\u00fd kostol.<\/p>\n<p>Evanjelick\u00fd klasicistick\u00fd kostol bez ve\u017ee s jednoduchou fas\u00e1dou bol postaven\u00fd v\u00a0roku 1784 pod veden\u00edm mur\u00e1rskeho majstra Franti\u0161ka Bartla. Na p\u00f4doryse obd\u013a\u017enika vytvorili vysok\u00fd zaklenut\u00fd priestor, do ktor\u00e9ho vlo\u017eili obiehaj\u00face empory. St\u013apov\u00fd olt\u00e1r, ktor\u00e9ho pozadie tvor\u00ed \u0161tvrt\u00e1 empora, je ukon\u010den\u00fd tympan\u00f3nom okolo Bo\u017eieho oka a vyplnen\u00fd obrazom Je\u017ei\u0161a Krista, ktor\u00e9ho v Getsemanskej z\u00e1hrade posil\u0148uje anjel od Jozefa Caucika (Czauczika). Na stavbu kostola prispeli v\u00fdznamn\u00e9 \u0161\u013eachtick\u00e9 rody Mari\u00e1\u0161iovci a\u00a0Horv\u00e1thovci zo Str\u00e1\u017eok a\u00a0Szakm\u00e1ryovci z\u00a0Lu\u010divnej.<\/p>\n<p>V\u00fdraznou osobnos\u0165ou evanjelickej cirkvi v\u00a0Str\u00e1\u017each bol Michal Holko, ktor\u00fd sa n\u00e1rodne anga\u017eoval\u00a0a\u00a0po vzniku \u010ceskoslovenskej republiky roku 1918 sa stal aj v\u00fdpomocn\u00fdm profesorom na evanjelickom re\u00e1lnom gymn\u00e1ziu v\u00a0Ke\u017emarku. Politicky zastupoval spi\u0161sk\u00fdch Nemcov. Po pr\u00edchode sudetsk\u00fdch Nemcov, vyst\u00fapil proti tomu a\u00a0u\u017e sa viac neanga\u017eoval. Za to bol prenasledovan\u00fd. Str\u00e1\u017eania pou\u017e\u00edvali nemeck\u00fd Tranoscius. Na konci vojny kv\u00f4li zlo\u017eitej politickej situ\u00e1cii ostali Str\u00e1\u017ee bez svojho k\u0148aza. Po vojne sa po\u010det evanjelikov v\u00fdrazne zn\u00ed\u017eil. Slovensk\u00fdch a\u00a0zbytok nemeck\u00fdch evanjelikov sp\u00e1jala siln\u00e1 viera v\u00a0Boha, odvaha a\u00a0m\u00fadros\u0165, ktor\u00e1 ich ani v\u00a0\u0165a\u017ek\u00fdch \u010dasoch nezlomila. V\u00a0roku 1946 nast\u00fapil za far\u00e1ra do Popradu Mikul\u00e1\u0161 Adam\u010d\u00edk, do jeho p\u00f4sobnosti patrili aj Str\u00e1\u017ee a\u00a0Spi\u0161sk\u00e1 Sobota. Zasl\u00fa\u017eil sa o\u00a0opravu v\u0161etk\u00fdch troch kostolov a\u00a0ich renov\u00e1ciu. Po \u0148om do duchovnej slu\u017eby ev. a. v. cirkevn\u00e9ho zboru nast\u00fapil J\u00e1n Pavlovi\u010d, za ktor\u00e9ho p\u00f4sobenia sa konalo 6. novembra 1988 posv\u00e4tenie obnoven\u00e9ho kostola a\u00a0zvonice. Str\u00e1\u017eski evanjelici aj napriek nedostatku financi\u00ed op\u00e4\u0165 dok\u00e1zali svoju neoblomn\u00fa vieru v\u00a0Boha v\u00a0\u010dase totality. \u010eal\u0161ia gener\u00e1cia evanjelick\u00fdch veriacich pod veden\u00edm Libora Bedn\u00e1ra v\u00a0s\u00fa\u010dasnosti op\u00e4tovne zrekon\u0161truovala chr\u00e1m a\u00a0zvonicu v\u00a0Str\u00e1\u017each 4. okt\u00f3bra 2009.<\/p>\n<p>Z\u00a0historick\u00fdch poh\u013eadn\u00edc z\u00a0r. 1929: Pri ve\u013ekom po\u017eiari mesta v\u00a0r. 1833 zhoreli spolo\u010dn\u00e9 zvony na ve\u017ei r\u00edmskokatol\u00edckeho kostola a\u00a0o\u00a0nov\u00e9 zvony, uliate na n\u00e1klady evanjelickej cirkvi pri\u0161li v\u00a01. svetovej vojne. Obec v\u00a0r. 1930 odhlasovala stavbu zvonice s\u00a0n\u00e1zvom Augustana oproti nemeckej evanjelickej \u0161kole. Zvon odlial majster J\u00e1n Gedeon v\u00a0Pre\u0161ove a\u00a0m\u00e1 n\u00e1pis: Ver v\u00a0P\u00e1na Je\u017ei\u0161a a\u00a0bude\u0161 spasen\u00fd ty aj tvoj dom. Vol\u00e1 sa Viera.<\/p>\n<p>Mgr. \u013dubom\u00edra V\u00e1lkov\u00e1<\/p>\n<p><em>Spracovan\u00e9 pod\u013ea:<br \/>\n<\/em><em>Baloga, Martin: Poprad-city quide, Unipress Poprad 2004<br \/>\n<\/em><em>Ga\u0161par, J\u00e1n a kol.: Poprad-hist\u00f3ria mesta na star\u00fdch poh\u013eadniciach, Region Poprad 2006<br \/>\n<\/em><em>Koll\u00e1rov\u00e1, Zuzana-Malovcov\u00e1, Bo\u017eena: Str\u00e1\u017ee-zn\u00e1me,nezn\u00e1me, Poprad 2001<br \/>\n<\/em><em>Krivo\u0161ov\u00e1, Janka: Evanjelick\u00e9 kostoly na Slovensku, Tranoscius Liptovsk\u00fd Mikul\u00e1\u0161 2001<\/em><\/p>\n<span class=\"collapseomatic \" id=\"id69ecc6fbd3ace\"  tabindex=\"0\" title=\"&lt;strong&gt;Far\u00e1ri p\u00f4sobiaci v Str\u00e1\u017each&lt;\/strong&gt;\"    ><strong>Far\u00e1ri p\u00f4sobiaci v Str\u00e1\u017each<\/strong><\/span><div id=\"target-id69ecc6fbd3ace\" class=\"collapseomatic_content \">\nJur Leudischer 1527 a 1542<br \/>\nLaurentius (Samuel?) Linzer 1565<br \/>\nServatius Botthsdorfer 1566-1573<br \/>\nFranciscus Hankotzy 1574-1587<br \/>\nJ\u00e1n Gulden 1587-1590<br \/>\nJakob Eichler (Fischer?) 1590(95?)-1596(1611)<br \/>\nJohann Hermelius 1598-1600<br \/>\nTobias Weisz 1601-1605(1606)<br \/>\nSebastianus Fabriczy (Fabricius) 1606(1608?)-1623<br \/>\nKlement Klein, senior 1623-1644(53?)<br \/>\nAndreas Schwartz 1653-1674<br \/>\nEli\u00e1\u0161 Trangus 1706-1709<br \/>\nGa\u0161par Reisz 1728-1740<br \/>\nJur Habern 1741-1761<br \/>\nSamuel Auggustini 1761-1792<br \/>\nJozef Fornet 1811-1832<br \/>\nDavid Emeritzy 1832-1852<br \/>\nJ\u00e1n M\u00e1day 1853-1861<br \/>\nSamuel \u0160tefan Justh, senior 1862-1901?<br \/>\nAurel Koch o. 1912<br \/>\nMichal Holko 1916-1945<br \/>\n<\/div>\nngg_shortcode_0_placeholder\n<p>Fotografie \u00a9 Kamil Tom\u010dof\u010d\u00edk<\/p>\n","protected":false},"excerpt":{"rendered":"<p>Evanjelick\u00e1 cirkev a. v. v\u00a0Str\u00e1\u017each za\u010dala svoju \u010dinnos\u0165 s pr\u00edchodom horliv\u00e9ho k\u0148aza Juraja Leudischera, ktor\u00fd musel v roku 1527 od\u00eds\u0165 z Levo\u010de. Nesk\u00f4r (v roku [&#8230;]<\/p>\n","protected":false},"author":3,"featured_media":0,"parent":8,"menu_order":0,"comment_status":"closed","ping_status":"closed","template":"","meta":{"ngg_post_thumbnail":0,"footnotes":""},"class_list":["post-19","page","type-page","status-publish","hentry"],"_links":{"self":[{"href":"https:\/\/ecavpp.sk\/data\/wp-json\/wp\/v2\/pages\/19","targetHints":{"allow":["GET"]}}],"collection":[{"href":"https:\/\/ecavpp.sk\/data\/wp-json\/wp\/v2\/pages"}],"about":[{"href":"https:\/\/ecavpp.sk\/data\/wp-json\/wp\/v2\/types\/page"}],"author":[{"embeddable":true,"href":"https:\/\/ecavpp.sk\/data\/wp-json\/wp\/v2\/users\/3"}],"replies":[{"embeddable":true,"href":"https:\/\/ecavpp.sk\/data\/wp-json\/wp\/v2\/comments?post=19"}],"version-history":[{"count":11,"href":"https:\/\/ecavpp.sk\/data\/wp-json\/wp\/v2\/pages\/19\/revisions"}],"predecessor-version":[{"id":5132,"href":"https:\/\/ecavpp.sk\/data\/wp-json\/wp\/v2\/pages\/19\/revisions\/5132"}],"up":[{"embeddable":true,"href":"https:\/\/ecavpp.sk\/data\/wp-json\/wp\/v2\/pages\/8"}],"wp:attachment":[{"href":"https:\/\/ecavpp.sk\/data\/wp-json\/wp\/v2\/media?parent=19"}],"curies":[{"name":"wp","href":"https:\/\/api.w.org\/{rel}","templated":true}]}}