{"id":14,"date":"2011-06-08T15:39:10","date_gmt":"2011-06-08T15:39:10","guid":{"rendered":"http:\/\/127.0.0.1:8888\/?page_id=14"},"modified":"2026-01-04T17:04:01","modified_gmt":"2026-01-04T16:04:01","slug":"kontakt","status":"publish","type":"page","link":"https:\/\/ecavpp.sk\/data\/kontakt\/","title":{"rendered":"Kontakt"},"content":{"rendered":"<p>Cirkevn\u00fd zbor Evanjelickej cirkvi augsbursk\u00e9ho vyznania na Slovensku Poprad<\/p>\n<p><strong>Zborov\u00fd far\u00e1r:<\/strong> Michal Findra 0903 602 902<br \/>\n<strong>Zborov\u00fd dozorca:<\/strong> Jozef Duba\u0161\u00e1k<\/p>\n<p><strong>Adresa:<\/strong> N\u00e1mestie sv\u00e4t\u00e9ho Eg\u00eddia 8\/17, 05801 Poprad<br \/>\n<strong>Tel.:<\/strong> 052 \/ 789 58 72<br \/>\n<strong>Email:<\/strong> poprad (zavin\u00e1\u010d) ecav (bodka) sk<\/p>\n<p><strong>Bankov\u00e9 spojenie:<\/strong> Tatrabanka SK87&nbsp; 1100&nbsp; 0000&nbsp; 0026&nbsp; 2721&nbsp; 4159<br \/>\n(V kol\u00f3nke &#8218;Spr\u00e1va pre pr\u00edjemcu&#8216; uve\u010fte svoje meno a \u00fa\u010del platby \u010di daru. Pri \u00fahrade cirkevn\u00e9ho pr\u00edspevku uve\u010fte men\u00e1 os\u00f4b, za ktor\u00e9 platbu uhr\u00e1dzate &#8211; pr\u00edspevok na rok 2026 je v hodnote 14,00 \u20ac\/osoba)<br \/>\nDc\u00e9rocirkev Str\u00e1\u017ee &#8211; Tatrabanka SK86&nbsp; 1100&nbsp; 0000&nbsp; 0026&nbsp; 2421&nbsp; 4161<\/p>\n<p><strong>\u00daradn\u00e9 hodiny:<\/strong><\/p>\n<table style=\"width: 500px;\" cellspacing=\"1\" cellpadding=\"4\">\n<tbody>\n<tr style=\"height: 42px;\" valign=\"TOP\">\n<td style=\"width: 88.83px; height: 42px;\">Pondelok<\/td>\n<td style=\"width: 104.86px; height: 42px;\">8.30 \u2013 12.30<\/td>\n<td style=\"width: 114.7px; height: 42px;\">13.00 \u2013 15.00<\/td>\n<\/tr>\n<tr style=\"height: 42px;\" valign=\"TOP\">\n<td style=\"width: 88.83px; height: 42px;\">Utorok<\/td>\n<td style=\"width: 104.86px; height: 42px;\">8.30 \u2013 12.30<\/td>\n<td style=\"width: 114.7px; height: 42px;\">13.00 \u2013 15.00<\/td>\n<\/tr>\n<tr style=\"height: 42px;\" valign=\"TOP\">\n<td style=\"width: 88.83px; height: 42px;\">Streda<\/td>\n<td style=\"width: 104.86px; height: 42px;\">8.30 \u2013 12.30<\/td>\n<td style=\"width: 114.7px; height: 42px;\">&nbsp;<\/td>\n<\/tr>\n<tr style=\"height: 42px;\" valign=\"TOP\">\n<td style=\"width: 88.83px; height: 42px;\">\u0160tvrtok<\/td>\n<td style=\"width: 104.86px; height: 42px;\">8.30 \u2013 12.30<\/td>\n<td style=\"width: 114.7px; height: 42px;\">13.00 \u2013 15.00<\/td>\n<\/tr>\n<tr style=\"height: 42px;\" valign=\"TOP\">\n<td style=\"width: 88.83px; height: 42px;\">Piatok<\/td>\n<td style=\"width: 104.86px; height: 42px;\">8.30 \u2013 12.30<\/td>\n<td style=\"width: 114.7px; height: 42px;\">13.00 \u2013 15.00<\/td>\n<\/tr>\n<\/tbody>\n<\/table>\n<p><iframe loading=\"lazy\" style=\"border: 0;\" src=\"https:\/\/www.google.com\/maps\/embed?pb=!1m18!1m12!1m3!1d2614.6328691367484!2d20.302296315681378!3d49.05560377930729!2m3!1f0!2f0!3f0!3m2!1i1024!2i768!4f13.1!3m3!1m2!1s0x0%3A0x12e675364d64bd4c!2zRXZhbmplbGlja8O9IGEudi4gZmFyc2vDvSDDunJhZA!5e0!3m2!1ssk!2sus!4v1485724948362\" width=\"600\" height=\"450\" frameborder=\"0\" allowfullscreen=\"allowfullscreen\"><\/iframe><\/p>\n","protected":false},"excerpt":{"rendered":"<p>Cirkevn\u00fd zbor Evanjelickej cirkvi augsbursk\u00e9ho vyznania na Slovensku Poprad Zborov\u00fd far\u00e1r: Michal Findra 0903 602 902 Zborov\u00fd dozorca: Jozef Duba\u0161\u00e1k Adresa: N\u00e1mestie sv\u00e4t\u00e9ho Eg\u00eddia 8\/17, [&#8230;]<\/p>\n","protected":false},"author":3,"featured_media":0,"parent":0,"menu_order":0,"comment_status":"closed","ping_status":"closed","template":"","meta":{"ngg_post_thumbnail":0,"footnotes":""},"class_list":["post-14","page","type-page","status-publish","hentry"],"_links":{"self":[{"href":"https:\/\/ecavpp.sk\/data\/wp-json\/wp\/v2\/pages\/14","targetHints":{"allow":["GET"]}}],"collection":[{"href":"https:\/\/ecavpp.sk\/data\/wp-json\/wp\/v2\/pages"}],"about":[{"href":"https:\/\/ecavpp.sk\/data\/wp-json\/wp\/v2\/types\/page"}],"author":[{"embeddable":true,"href":"https:\/\/ecavpp.sk\/data\/wp-json\/wp\/v2\/users\/3"}],"replies":[{"embeddable":true,"href":"https:\/\/ecavpp.sk\/data\/wp-json\/wp\/v2\/comments?post=14"}],"version-history":[{"count":47,"href":"https:\/\/ecavpp.sk\/data\/wp-json\/wp\/v2\/pages\/14\/revisions"}],"predecessor-version":[{"id":14572,"href":"https:\/\/ecavpp.sk\/data\/wp-json\/wp\/v2\/pages\/14\/revisions\/14572"}],"wp:attachment":[{"href":"https:\/\/ecavpp.sk\/data\/wp-json\/wp\/v2\/media?parent=14"}],"curies":[{"name":"wp","href":"https:\/\/api.w.org\/{rel}","templated":true}]}}