{"id":10537,"date":"2021-09-25T18:41:01","date_gmt":"2021-09-25T17:41:01","guid":{"rendered":"https:\/\/ecavpp.sk\/data\/?page_id=10537"},"modified":"2024-10-03T18:01:17","modified_gmt":"2024-10-03T17:01:17","slug":"biblicka-hodina","status":"publish","type":"page","link":"https:\/\/ecavpp.sk\/data\/aktivity\/biblicka-hodina\/","title":{"rendered":"Biblick\u00e1 hodina"},"content":{"rendered":"\n<p>Po\u010das \u0161kolsk\u00e9ho roka sa stret\u00e1vame v\u017edy v \u0161tvrtok ve\u010der k \u0161t\u00fadiu Biblie. \u0160t\u00fadium je zameran\u00e9 na pochopenie Biblick\u00e9ho textu v jeho dobovom kontexte s vysvetlen\u00edm pre n\u00e1s vzdialenej\u0161\u00edch skuto\u010dnost\u00ed. N\u00e1sledne uva\u017eujeme aj nad odkazom Bo\u017eieho slova pre dne\u0161ok.<\/p>\n\n\n\n<p>Aktu\u00e1lne \u0161tudujeme Luk\u00e1\u0161ovo evanjelium. V \u010dase koronakr\u00edzy sme nahr\u00e1vali Biblick\u00e9 hodiny, v nahr\u00e1van\u00ed pokra\u010dujeme a tu si ich m\u00f4\u017eete vypo\u010du\u0165:<\/p>\n\n\n\n<a href=\"https:\/\/podcasters.spotify.com\/pod\/show\/ecavpp\/episodes\/19-9-2024-Biblick-hodina-L-24-36-53-e2p6met\" target=\"_blank\" rel=\"noreferrer noopener\">19.9.2024 (L 24,36-53)<\/a>; <a href=\"https:\/\/podcasters.spotify.com\/pod\/show\/ecavpp\/episodes\/12-9-2024-Biblick-hodina-L-24-13-35-e2p6mbq\" target=\"_blank\" rel=\"noreferrer noopener\">12.9.2024 (L 24,13-35)<\/a>; <a href=\"https:\/\/podcasters.spotify.com\/pod\/show\/ecavpp\/episodes\/5-9-2024-Biblick-hodina-L-24-1-12-e2p6m9c\" target=\"_blank\" rel=\"noreferrer noopener\">5.9.2024 (L 24,1-12)<\/a>; <a href=\"https:\/\/podcasters.spotify.com\/pod\/show\/ecavpp\/episodes\/20-6-2024-Biblick-hodina-L-23-26-56-e2l7b6g\" target=\"_blank\" rel=\"noreferrer noopener\">20.6.2024 (L 23,26-56)<\/a> ;<a href=\"https:\/\/podcasters.spotify.com\/pod\/show\/ecavpp\/episodes\/13-6-2024-Biblick-hodina-L-23-1-25-e2l7b2t\" target=\"_blank\" rel=\"noreferrer noopener\">13.6.2024 (L 23,1-25)<\/a> ;<a href=\"https:\/\/podcasters.spotify.com\/pod\/show\/ecavpp\/episodes\/6-6-2024-Biblick-hodina-L-22-39-71-e2km90p\" target=\"_blank\" rel=\"noreferrer noopener\">6.6.2024 (L 22,39-71)<\/a> ;<a href=\"https:\/\/podcasters.spotify.com\/pod\/show\/ecavpp\/episodes\/30-5-2024-Biblick-hodina-L-22-21-38-e2kd8jf\" target=\"_blank\" rel=\"noreferrer noopener\">30.5.2024 (L 22,21-38)<\/a> ;<a href=\"https:\/\/podcasters.spotify.com\/pod\/show\/ecavpp\/episodes\/23-5-2024-Biblick-hodina-L-22-1-20-e2kd8g4\" target=\"_blank\" rel=\"noreferrer noopener\">23.5.2024 (L 22,1-20)<\/a> ;<a href=\"https:\/\/podcasters.spotify.com\/pod\/show\/ecavpp\/episodes\/16-5-2024-Biblick-hodina-L-21-25-38-e2jrh3j\" target=\"_blank\" rel=\"noreferrer noopener\">16.5.2024 (L 21,25-38)<\/a> ;<a href=\"https:\/\/podcasters.spotify.com\/pod\/show\/ecavpp\/episodes\/2-5-2024-Biblick-hodina-L-21-5-24-e2j9gte\" target=\"_blank\" rel=\"noreferrer noopener\">2.5.2024 (L 21,5-24)<\/a> ;<a href=\"https:\/\/podcasters.spotify.com\/pod\/show\/ecavpp\/episodes\/25-4-2024-Biblick-hodina-L-20-41-21-4-e2j9gq7\" target=\"_blank\" rel=\"noreferrer noopener\">25.4.2024 (L 20,41-21,4)<\/a> ;<a href=\"https:\/\/podcasters.spotify.com\/pod\/show\/ecavpp\/episodes\/18-4-2024-Biblick-hodina-L-20-20-40-e2ilt2s\" target=\"_blank\" rel=\"noreferrer noopener\">18.4.2024 (L 20,20-40)<\/a> ;<a href=\"https:\/\/podcasters.spotify.com\/pod\/show\/ecavpp\/episodes\/11-4-2024-Biblick-hodina-L-20-1-19-e2idkfc\" target=\"_blank\" rel=\"noreferrer noopener\">11.4.2024 (L 20,1-19)<\/a> ;<a href=\"https:\/\/podcasters.spotify.com\/pod\/show\/ecavpp\/episodes\/4-4-2024-Biblick-hodina-L-19-41-48-e2i37pl\" target=\"_blank\" rel=\"noreferrer noopener\">4.4.2024 (L 19,41-48)<\/a> ;<a href=\"https:\/\/podcasters.spotify.com\/pod\/show\/ecavpp\/episodes\/15-2-2024-Biblick-hodina-L-19-29-40-e2fves5\" target=\"_blank\" rel=\"noreferrer noopener\">15.2.2024 (L 19,29-40)<\/a> ;<a href=\"https:\/\/podcasters.spotify.com\/pod\/show\/ecavpp\/episodes\/8-2-2024-Biblick-hodina-L-19-11-28-e2fhl1t\" target=\"_blank\" rel=\"noreferrer noopener\">8.2.2024 (L19,11-28)<\/a> ;<a href=\"https:\/\/podcasters.spotify.com\/pod\/show\/ecavpp\/episodes\/1-2-2024-Biblick-hodina-L-19-1-10-e2fbkf8\" target=\"_blank\" rel=\"noreferrer noopener\">1.2.2024 (L 19,1-10)<\/a> ;<a href=\"https:\/\/podcasters.spotify.com\/pod\/show\/ecavpp\/episodes\/18-1-2024-Biblick-hodina-L-18-31-43-e2eo4gv\" target=\"_blank\" rel=\"noreferrer noopener\">18.1.2024 (L 18,31-43)<\/a>;<a href=\"https:\/\/podcasters.spotify.com\/pod\/show\/ecavpp\/episodes\/11-1-2024-Biblick-hodina-L-18-15-30-e2ee55n\" target=\"_blank\" rel=\"noreferrer noopener\">11.1.2024 (L 18,15-30)<\/a> ;<a href=\"https:\/\/podcasters.spotify.com\/pod\/show\/ecavpp\/episodes\/30-11-2023-Biblick-hodina-L-18-1-14-e2coqd3\" target=\"_blank\" rel=\"noreferrer noopener\">30.11.2023 (L 18,1-14)<\/a> ;<a href=\"https:\/\/podcasters.spotify.com\/pod\/show\/ecavpp\/episodes\/23-11-2023-Biblick-hodina-L-17-22-37-e2coq9g\" target=\"_blank\" rel=\"noreferrer noopener\">23.11.2023 (L 17,22-37)<\/a>; <a href=\"https:\/\/podcasters.spotify.com\/pod\/show\/ecavpp\/episodes\/16-11-2023-Biblick-hodina-L-17-11-21-e2c4q2b\" target=\"_blank\" rel=\"noreferrer noopener\">16.11.2023 (L 17,11-21)<\/a>; <a href=\"https:\/\/podcasters.spotify.com\/pod\/show\/ecavpp\/episodes\/9-11-2023-Biblick-hodina-L-17-1-10-e2c4ptt\" target=\"_blank\" rel=\"noreferrer noopener\">9.11.2023 (L 17,1-10)<\/a>; <a href=\"https:\/\/podcasters.spotify.com\/pod\/show\/ecavpp\/episodes\/26-10-2023-Biblick-hodina-L-16-19-31-e2bh5lj\" target=\"_blank\" rel=\"noreferrer noopener\">26.10.2023 (L16,19-31) nie cel\u00e9<\/a> ;<a href=\"https:\/\/podcasters.spotify.com\/pod\/show\/ecavpp\/episodes\/19-10-2023-Biblick-hodina-L-16-1-18-e2bh595\" target=\"_blank\" rel=\"noreferrer noopener\">19.10.2023 (L 16,1-18)<\/a> ;<a href=\"https:\/\/podcasters.spotify.com\/pod\/show\/ecavpp\/episodes\/12-10-2023-Biblick-hodina-L-15-11-32-e2bh4t9\" data-type=\"link\" data-id=\"https:\/\/podcasters.spotify.com\/pod\/show\/ecavpp\/episodes\/12-10-2023-Biblick-hodina-L-15-11-32-e2bh4t9\" target=\"_blank\" rel=\"noreferrer noopener\">12.10.2023 (L15,11-32)<\/a>; <a href=\"https:\/\/podcasters.spotify.com\/pod\/show\/ecavpp\/episodes\/5-10-2023-Biblick-hodina-L-15-1-10-e2a783u\" target=\"_blank\" rel=\"noreferrer noopener\">5.10.2023 (L15,1-10)<\/a>; <a href=\"https:\/\/podcasters.spotify.com\/pod\/show\/ecavpp\/episodes\/28-9-2023-Biblick-hodina-L-14-15-35-e2a780m\" target=\"_blank\" rel=\"noreferrer noopener\">28.9.2023 (14,15-35)<\/a>; <a href=\"https:\/\/podcasters.spotify.com\/pod\/show\/ecavpp\/episodes\/21-9-2023-Biblick-hodina-L-14-1-14-e2a77tc\" target=\"_blank\" rel=\"noreferrer noopener\">21.9.2023 (14,1-14)<\/a>; <a href=\"https:\/\/podcasters.spotify.com\/pod\/show\/ecavpp\/episodes\/14-9-2023-Biblick-hodina-L-13-22-35-e2a77ph\" target=\"_blank\" rel=\"noreferrer noopener\">14.9.2023 (L13,22-35)<\/a>; <a href=\"https:\/\/podcasters.spotify.com\/pod\/show\/ecavpp\/episodes\/7-9-2023-Biblick-hodina-L-13-10-21-e2a764g\" target=\"_blank\" rel=\"noreferrer noopener\">7.9.2023 (L13,10-21)<\/a>; <a href=\"https:\/\/podcasters.spotify.com\/pod\/show\/ecavpp\/episodes\/22-6-2023-Biblick-hodina-L-12-54-13-9-e2a7609\" target=\"_blank\" rel=\"noreferrer noopener\">22.6.2023 (L12,54-13,9)<\/a>; <a href=\"https:\/\/podcasters.spotify.com\/pod\/show\/ecavpp\/episodes\/15-6-2023-Biblick-hodina-L-12-35-53-e2a75q5\" target=\"_blank\" rel=\"noreferrer noopener\">15.6.2023 (L12,35-53)<\/a>; <a href=\"https:\/\/podcasters.spotify.com\/pod\/show\/ecavpp\/episodes\/8-6-2023-Biblick-hodina-L-12-13-34-e25g2c4\" target=\"_blank\" rel=\"noreferrer noopener\">8.6.2023 (L12,13-34)<\/a>; <a href=\"https:\/\/podcasters.spotify.com\/pod\/show\/ecavpp\/episodes\/1-6-2023-Biblick-hodina-L-11-53-12-12-e25fufg\" target=\"_blank\" rel=\"noreferrer noopener\">1.6.2023 (L11,53-12,12)<\/a>; <a href=\"https:\/\/podcasters.spotify.com\/pod\/show\/ecavpp\/episodes\/25-5-2023-Biblick-hodina-L-11-37-52-e257ggs\" target=\"_blank\" rel=\"noreferrer noopener\">25.5.2023 (L 11,37-52)<\/a>; <a href=\"https:\/\/podcasters.spotify.com\/pod\/show\/ecavpp\/episodes\/11-5-2023-Biblick-hodina-L-11-29-36-e24aodm\" target=\"_blank\" rel=\"noreferrer noopener\">11.5.2023 (L11,29-36)<\/a>; <a href=\"https:\/\/podcasters.spotify.com\/pod\/show\/ecavpp\/episodes\/27-4-2023-Biblick-hodina-L-11-14-28-Poprad-e238lpa\" target=\"_blank\" rel=\"noreferrer noopener\">27.4.2023 (L11,14-28) <\/a>;<a href=\"https:\/\/podcasters.spotify.com\/pod\/show\/ecavpp\/episodes\/20-4-2023-Biblick-hodina-L-11-1-13-e22ntt5\" target=\"_blank\" rel=\"noreferrer noopener\">20.4.2023 (L 11,1-13)<\/a>; <a href=\"https:\/\/podcasters.spotify.com\/pod\/show\/ecavpp\/episodes\/13-4-2023-Biblick-hodina-L-10-38-42-Poprad-e22ao5p\" target=\"_blank\" rel=\"noreferrer noopener\">13.4.2023 (L10,38-42)<\/a>; <a href=\"https:\/\/podcasters.spotify.com\/pod\/show\/ecavpp\/episodes\/23-2-2023-Biblick-hodina-L-10-17-37-e1vi049\" target=\"_blank\" rel=\"noreferrer noopener\">23.2.2023 (L10,17-37)<\/a>; <a href=\"https:\/\/podcasters.spotify.com\/pod\/show\/ecavpp\/episodes\/16-2-2023-Biblick-hodina-L-10--1---16-e1v77gn\" target=\"_blank\" rel=\"noreferrer noopener\">16.2.2023 (L10,1-16)<\/a>; <a href=\"https:\/\/podcasters.spotify.com\/pod\/show\/ecavpp\/episodes\/2-2-2023-Biblick-hodina-L-9-51-62-Poprad-e1urhet\" target=\"_blank\" rel=\"noreferrer noopener\">2.2.2023 (L 9,51-62)<\/a>; <a href=\"https:\/\/podcasters.spotify.com\/pod\/show\/ecavpp\/episodes\/26-1-2023-Biblick-hodina-L-9-37-50-e1u21qe\" target=\"_blank\" rel=\"noreferrer noopener\">26.1.2023 (L9,37-50)<\/a>; <a href=\"https:\/\/podcasters.spotify.com\/pod\/show\/ecavpp\/episodes\/19-1-2023-Biblick-hodina-L-9-28-36-e1u21if\" target=\"_blank\" rel=\"noreferrer noopener\">19.1.2023 (L9,28-36)<\/a>; <a href=\"https:\/\/podcasters.spotify.com\/pod\/show\/ecavpp\/episodes\/12-1-2023-Biblick-hodina-L9-18-27-e1te0e2\" target=\"_blank\" rel=\"noreferrer noopener\">12.1.2023 (L9,18-27)<\/a>; <a href=\"https:\/\/podcasters.spotify.com\/pod\/show\/ecavpp\/episodes\/24-11-2022-Biblick-hodina-L-9-1-17-e1r8q5s\" target=\"_blank\" rel=\"noreferrer noopener\">24.11.2022 (L 9,1-17)<\/a>; <a href=\"https:\/\/podcasters.spotify.com\/pod\/show\/ecavpp\/episodes\/17-11-2022-Biblick-hodina-L-8-40-56-e1qv6pq\" target=\"_blank\" rel=\"noreferrer noopener\">17.11.2022 (L8,40-56)<\/a>; <a href=\"https:\/\/podcasters.spotify.com\/pod\/show\/ecavpp\/episodes\/10-11-2022-Biblick-hodina-L8-22-39-e1qv6ut\" target=\"_blank\" rel=\"noreferrer noopener\">10.11.2022 (L8,22-39)<\/a>; <a href=\"https:\/\/podcasters.spotify.com\/pod\/show\/ecavpp\/episodes\/27-10-2022-Biblick-hodina-L-8-4-21-e1qv7gf\" target=\"_blank\" rel=\"noreferrer noopener\">27.10.2022 (L8,4-21)<\/a>; <a href=\"https:\/\/podcasters.spotify.com\/pod\/show\/ecavpp\/episodes\/13-10-2022-Biblick-hodina-L7-36-8-3-e1qv7ma\" target=\"_blank\" rel=\"noreferrer noopener\">13.10.2022 (L7,36-8,3)<\/a>; <a href=\"https:\/\/podcasters.spotify.com\/pod\/show\/ecavpp\/episodes\/6-10-2022-Biblick-hodina-L-7-18-35-e1qv8u3\" target=\"_blank\" rel=\"noreferrer noopener\">6.10.2022 (L7,18-35)<\/a>; <a href=\"https:\/\/podcasters.spotify.com\/pod\/show\/ecavpp\/episodes\/29-9-2022-Biblick-hodina-L-7-1-17-e1r05vd\" target=\"_blank\" rel=\"noreferrer noopener\">29.9.2022 (L7,1-17)<\/a>; <a href=\"https:\/\/podcasters.spotify.com\/pod\/show\/ecavpp\/episodes\/22-9-2022-Biblick-hodina-L-6-39-49-e1r0n9b\" target=\"_blank\" rel=\"noreferrer noopener\">22.9.2022 (L 6,39-49)<\/a>; <a href=\"https:\/\/podcasters.spotify.com\/pod\/show\/ecavpp\/episodes\/8-9-2022-Biblick-hodina-L-6-27-38-e1r0nei\" target=\"_blank\" rel=\"noreferrer noopener\">8.9.2022 (L6,27-38)<\/a>; <a href=\"https:\/\/podcasters.spotify.com\/pod\/show\/ecavpp\/episodes\/16-6-2022-Biblick-hodina-L-6-12-26-e1r0nsa\" target=\"_blank\" rel=\"noreferrer noopener\">16.6.2022 (L6,12-26)<\/a>; <a href=\"https:\/\/podcasters.spotify.com\/pod\/show\/ecavpp\/episodes\/9-6-2022-Biblick-hodina-L-6-1-11-e1r22m2\" target=\"_blank\" rel=\"noreferrer noopener\">9.6.2022 (L 6,1-11)<\/a>; <a href=\"https:\/\/podcasters.spotify.com\/pod\/show\/ecavpp\/episodes\/2-6-2022-Biblick-hodina-L-5-27-39-e1r232e\" target=\"_blank\" rel=\"noreferrer noopener\">2.6.2022 (L 5,27-39)<\/a>; <a href=\"https:\/\/podcasters.spotify.com\/pod\/show\/ecavpp\/episodes\/19-5-2022-Biblick-hodina-L-5-12-26-e1r23ib\" target=\"_blank\" rel=\"noreferrer noopener\">19.5.2022 (L5,12-26)<\/a>; <a href=\"https:\/\/podcasters.spotify.com\/pod\/show\/ecavpp\/episodes\/12-5-2022-Biblick-hodina-L-5-1-11-e1r24hv\" target=\"_blank\" rel=\"noreferrer noopener\">12.5.2022 (L 5,1-11)<\/a>; <a href=\"https:\/\/podcasters.spotify.com\/pod\/show\/ecavpp\/episodes\/21-4-2022-Biblick-hodina-L-4-31-44-e1r24qg\" target=\"_blank\" rel=\"noreferrer noopener\">21.4.2022 (L 4,31-44)<\/a>; <a href=\"https:\/\/podcasters.spotify.com\/pod\/show\/ecavpp\/episodes\/18-11-2021-Biblick-hodina-L-4-14-30-Poprad-e1ajv8d\" target=\"_blank\" rel=\"noreferrer noopener\">18.11.2021 (L4,14-30)<\/a>; <a href=\"https:\/\/podcasters.spotify.com\/pod\/show\/ecavpp\/episodes\/11-11-2021-L3-21-4-13-Biblick-hodina-e1a8o0l\" target=\"_blank\" rel=\"noreferrer noopener\">11.11.2021 (L3,21-4,13)<\/a>; <a href=\"https:\/\/podcasters.spotify.com\/pod\/show\/ecavpp\/episodes\/Biblick-hodina-4-11-2021-L3-1-20-e19p875\" target=\"_blank\" rel=\"noreferrer noopener\">4.11.2021 (L3,1-20)<\/a>; <a href=\"https:\/\/podcasters.spotify.com\/pod\/show\/ecavpp\/episodes\/Biblick-hodina-28-10-2021-L-2-41-52-e19f1ti\">28.10.2021 (L2,41-52)<\/a>; <a href=\"https:\/\/podcasters.spotify.com\/pod\/show\/ecavpp\/episodes\/Biblick-hodina-21-10-2021-L2-21-40-e1949kq\">21.10.2021 (L2,21-40)<\/a>; <a href=\"https:\/\/podcasters.spotify.com\/pod\/show\/ecavpp\/episodes\/16-9-2021-L1-1-25-Biblick-hodina-Poprad-e17snkf\" target=\"_blank\" rel=\"noreferrer noopener\"><\/a><a href=\"https:\/\/podcasters.spotify.com\/pod\/show\/ecavpp\/episodes\/Biblick-hodina-14-10-2021-L2-1-20-e18qkhb\">14.10.2021 (L2,1-20)<\/a>; <a href=\"https:\/\/podcasters.spotify.com\/pod\/show\/ecavpp\/episodes\/Biblick-hodina-7-10-2021-L1--57-80-e18illt\">7.10.2021 (L1,57-80)<\/a>; <a href=\"https:\/\/podcasters.spotify.com\/pod\/show\/ecavpp\/episodes\/30-9-2021-L-1-39-56-Biblick-hodina-Poprad-e184hm5\">30.9.2021 (L1,39-56)<\/a>; <a href=\"https:\/\/uniba.sk\/fileadmin\/ebf\/testimonia_theologica\/2011\/Luther_Magnificat_jan_2011.pdf\" target=\"_blank\" rel=\"noreferrer noopener\">Dr. M.Luther Magnificat<\/a>; <a href=\"https:\/\/podcasters.spotify.com\/pod\/show\/ecavpp\/episodes\/23-9-2021-L-1-26-38-Biblick-hodina-Poprad-e17so3g\">23.9.2021 (L1,26-38)<\/a>; <a href=\"https:\/\/podcasters.spotify.com\/pod\/show\/ecavpp\/episodes\/16-9-2021-L1-1-25-Biblick-hodina-Poprad-e17snkf\" target=\"_blank\" rel=\"noreferrer noopener\">16.9.2021 (L1,1-25)<\/a>;<br><\/p>\n\n\n\n<p>V rokoch 2019-2021 sme \u0161tudovali 1.knihu Moj\u017ei\u0161ovu.<\/p>\n","protected":false},"excerpt":{"rendered":"<p>Po\u010das \u0161kolsk\u00e9ho roka sa stret\u00e1vame v\u017edy v \u0161tvrtok ve\u010der k \u0161t\u00fadiu Biblie. \u0160t\u00fadium je zameran\u00e9 na pochopenie Biblick\u00e9ho textu v jeho dobovom kontexte s vysvetlen\u00edm [&#8230;]<\/p>\n","protected":false},"author":3,"featured_media":0,"parent":10,"menu_order":0,"comment_status":"closed","ping_status":"closed","template":"","meta":{"ngg_post_thumbnail":0,"footnotes":""},"class_list":["post-10537","page","type-page","status-publish","hentry"],"_links":{"self":[{"href":"https:\/\/ecavpp.sk\/data\/wp-json\/wp\/v2\/pages\/10537","targetHints":{"allow":["GET"]}}],"collection":[{"href":"https:\/\/ecavpp.sk\/data\/wp-json\/wp\/v2\/pages"}],"about":[{"href":"https:\/\/ecavpp.sk\/data\/wp-json\/wp\/v2\/types\/page"}],"author":[{"embeddable":true,"href":"https:\/\/ecavpp.sk\/data\/wp-json\/wp\/v2\/users\/3"}],"replies":[{"embeddable":true,"href":"https:\/\/ecavpp.sk\/data\/wp-json\/wp\/v2\/comments?post=10537"}],"version-history":[{"count":98,"href":"https:\/\/ecavpp.sk\/data\/wp-json\/wp\/v2\/pages\/10537\/revisions"}],"predecessor-version":[{"id":13620,"href":"https:\/\/ecavpp.sk\/data\/wp-json\/wp\/v2\/pages\/10537\/revisions\/13620"}],"up":[{"embeddable":true,"href":"https:\/\/ecavpp.sk\/data\/wp-json\/wp\/v2\/pages\/10"}],"wp:attachment":[{"href":"https:\/\/ecavpp.sk\/data\/wp-json\/wp\/v2\/media?parent=10537"}],"curies":[{"name":"wp","href":"https:\/\/api.w.org\/{rel}","templated":true}]}}