{"id":10,"date":"2011-06-08T15:38:48","date_gmt":"2011-06-08T15:38:48","guid":{"rendered":"http:\/\/127.0.0.1:8888\/?page_id=10"},"modified":"2025-01-23T18:28:27","modified_gmt":"2025-01-23T17:28:27","slug":"aktivity","status":"publish","type":"page","link":"https:\/\/ecavpp.sk\/data\/aktivity\/","title":{"rendered":"Aktivity"},"content":{"rendered":"<p>V zbore \u017eijeme \u017eivotom viery vo v\u0161etk\u00fdch gener\u00e1ci\u00e1ch. Popri hlavnom stret\u00e1van\u00ed na Slu\u017eb\u00e1ch Bo\u017e\u00edch v nede\u013eu a v sviatky prebieha kres\u0165ansk\u00e1 slu\u017eba a stret\u00e1vanie v t\u00fdchto oblastiach:<\/p>\n<p>&#8211;&gt; <a href=\"https:\/\/ecavpp.sk\/data\/aktivity\/deti\/\">Detsk\u00e1 besiedka<\/a> &#8211; ka\u017ed\u00fa nede\u013eu o 9:00<\/p>\n<p>&#8211;&gt; <a href=\"https:\/\/ecavpp.sk\/data\/aktivity\/nabozko\/\">Vyu\u010dovanie n\u00e1bo\u017eenstva<\/a> &#8211; z\u00e1kladn\u00e9 \u0161koly v meste<\/p>\n<p>&#8211;&gt; <a href=\"https:\/\/ecavpp.sk\/data\/aktivity\/konfirmacka\/\">Konfirma\u010dn\u00e1 v\u00fdu\u010dba<\/a><\/p>\n<p>&#8211;&gt; <a href=\"https:\/\/ecavpp.sk\/data\/aktivity\/mladez\/\">Dorast a ml\u00e1de\u017e<\/a> &#8211; ka\u017ed\u00fd piatok o 17:00<\/p>\n<p>&#8211;&gt; <a href=\"https:\/\/ecavpp.sk\/data\/aktivity\/biblicka-hodina\/\">Biblick\u00e1 hodina<\/a> &#8211; ka\u017ed\u00fd \u0161tvrtok o 17:00<\/p>\n<p>&#8211;&gt; <a href=\"https:\/\/ecavpp.sk\/data\/aktivity\/spevokol\/\">Spevokol<\/a>&nbsp;&#8211; pov\u00e4\u010d\u0161ine v stredu o 17:00<\/p>\n<p>&#8211;&gt; <a href=\"https:\/\/ecavpp.sk\/data\/aktivity\/modlitby\/\">Modlitebn\u00e9 spolo\u010denstvo<\/a>&nbsp; &#8211; ka\u017ed\u00fd \u0161tvrtok o 16:00<\/p>\n<p>&#8211;&gt; <a href=\"https:\/\/ecavpp.sk\/data\/aktivity\/zeny\/\">Spolo\u010denstvo evanjelick\u00fdch \u017eien<\/a><\/p>\n<p>&#8211;&gt; <a href=\"https:\/\/ecavpp.sk\/data\/aktivity\/diakonia\/\">Zborov\u00e1 diakonia<\/a><\/p>\n","protected":false},"excerpt":{"rendered":"<p>V zbore \u017eijeme \u017eivotom viery vo v\u0161etk\u00fdch gener\u00e1ci\u00e1ch. Popri hlavnom stret\u00e1van\u00ed na Slu\u017eb\u00e1ch Bo\u017e\u00edch v nede\u013eu a v sviatky prebieha kres\u0165ansk\u00e1 slu\u017eba a stret\u00e1vanie v [&#8230;]<\/p>\n","protected":false},"author":3,"featured_media":0,"parent":0,"menu_order":0,"comment_status":"closed","ping_status":"closed","template":"","meta":{"ngg_post_thumbnail":0,"footnotes":""},"class_list":["post-10","page","type-page","status-publish","hentry"],"_links":{"self":[{"href":"https:\/\/ecavpp.sk\/data\/wp-json\/wp\/v2\/pages\/10","targetHints":{"allow":["GET"]}}],"collection":[{"href":"https:\/\/ecavpp.sk\/data\/wp-json\/wp\/v2\/pages"}],"about":[{"href":"https:\/\/ecavpp.sk\/data\/wp-json\/wp\/v2\/types\/page"}],"author":[{"embeddable":true,"href":"https:\/\/ecavpp.sk\/data\/wp-json\/wp\/v2\/users\/3"}],"replies":[{"embeddable":true,"href":"https:\/\/ecavpp.sk\/data\/wp-json\/wp\/v2\/comments?post=10"}],"version-history":[{"count":31,"href":"https:\/\/ecavpp.sk\/data\/wp-json\/wp\/v2\/pages\/10\/revisions"}],"predecessor-version":[{"id":13935,"href":"https:\/\/ecavpp.sk\/data\/wp-json\/wp\/v2\/pages\/10\/revisions\/13935"}],"wp:attachment":[{"href":"https:\/\/ecavpp.sk\/data\/wp-json\/wp\/v2\/media?parent=10"}],"curies":[{"name":"wp","href":"https:\/\/api.w.org\/{rel}","templated":true}]}}